{"id":998,"date":"2020-12-16T15:13:22","date_gmt":"2020-12-16T23:13:22","guid":{"rendered":"https:\/\/zavalalawgroup.com\/casos-representativos\/"},"modified":"2020-12-17T15:03:15","modified_gmt":"2020-12-17T23:03:15","slug":"casos-representativos","status":"publish","type":"page","link":"https:\/\/zavalalawgroup.com\/es\/casos-representativos\/","title":{"rendered":"Casos Representativos"},"content":{"rendered":"<p>[et_pb_section fb_built=\u00bb1&#8243; admin_label=\u00bbPage Title Background\u00bb _builder_version=\u00bb4.7.4&#8243; _module_preset=\u00bbdefault\u00bb background_image=\u00bbhttps:\/\/zavalalawgroup.com\/wp-content\/uploads\/2020\/12\/ZLG-SubpageHeader-Representative2020-1.jpg\u00bb min_height=\u00bb350px\u00bb height=\u00bb350px\u00bb custom_css_main_element=\u00bbdisplay: flex;||flex-direction: column;||justify-content: center;\u00bb][et_pb_row admin_label=\u00bbPage Title Row\u00bb _builder_version=\u00bb4.7.3&#8243; _module_preset=\u00bbdefault\u00bb][et_pb_column type=\u00bb4_4&#8243; _builder_version=\u00bb4.7.3&#8243; _module_preset=\u00bbdefault\u00bb][et_pb_text admin_label=\u00bbPage Title Text\u00bb _builder_version=\u00bb4.7.3&#8243; _module_preset=\u00bbdefault\u00bb]<\/p>\n<h1 style=\"text-align: center;\"><span style=\"color: #ffffff;\">Casos Representativos<\/span><\/h1>\n<p>[\/et_pb_text][\/et_pb_column][\/et_pb_row][\/et_pb_section][et_pb_section fb_built=\u00bb1&#8243; disabled_on=\u00bbon|on|on\u00bb admin_label=\u00bbVideo Section\u00bb _builder_version=\u00bb4.7.3&#8243; custom_padding=\u00bb||||false|false\u00bb disabled=\u00bbon\u00bb][et_pb_row admin_label=\u00bbVideo Area\u00bb _builder_version=\u00bb4.7.3&#8243; custom_padding=\u00bb||||false|false\u00bb][et_pb_column type=\u00bb4_4&#8243; _builder_version=\u00bb3.25&#8243; custom_padding=\u00bb|||\u00bb custom_padding__hover=\u00bb|||\u00bb][et_pb_text admin_label=\u00bbVideo Title\u00bb _builder_version=\u00bb4.7.3&#8243; _module_preset=\u00bbdefault\u00bb]<\/p>\n<h2 style=\"text-align: center;\">Our Featured Case<\/h2>\n<p>[\/et_pb_text][et_pb_video src=\u00bbhttps:\/\/www.youtube.com\/watch?v=utsCxMZjejE\u00bb image_src=\u00bbhttps:\/\/zavalalawgroup.com\/wp-content\/uploads\/2020\/11\/ZLG-Featured-Case.jpg\u00bb thumbnail_overlay_color=\u00bbrgba(0,0,0,0.6)\u00bb _builder_version=\u00bb4.7.3&#8243; animation_direction=\u00bbbottom\u00bb][\/et_pb_video][\/et_pb_column][\/et_pb_row][\/et_pb_section][et_pb_section fb_built=\u00bb1&#8243; _builder_version=\u00bb4.7.4&#8243; _module_preset=\u00bbdefault\u00bb background_color=\u00bb#F9F9F9&#8243; custom_padding=\u00bb50px||||false|false\u00bb top_divider_flip=\u00bbhorizontal\u00bb hover_transition_duration=\u00bb100ms\u00bb][et_pb_row _builder_version=\u00bb4.7.3&#8243; _module_preset=\u00bbdefault\u00bb][et_pb_column type=\u00bb4_4&#8243; _builder_version=\u00bb4.7.3&#8243; _module_preset=\u00bbdefault\u00bb][et_pb_text admin_label=\u00bbMore Representative Cases &#038; Settlements\u00bb _builder_version=\u00bb4.7.3&#8243; _module_preset=\u00bbdefault\u00bb hover_enabled=\u00bb0&#8243; sticky_enabled=\u00bb0&#8243;]<\/p>\n<h2 style=\"text-align: center;\">Casos Representativos<\/h2>\n<p>[\/et_pb_text][et_pb_text _builder_version=\u00bb4.7.3&#8243; _module_preset=\u00bbdefault\u00bb]<\/p>\n<p style=\"text-align: center;\">ZLG ha obtenido importantes victorias en nombre de nuestros clientes. A continuaci\u00f3n, presentamos una muestra de las victorias de la firma de abogados y los tipos de clientes que ZLG representa actualmente:<\/p>\n<p>[\/et_pb_text][\/et_pb_column][\/et_pb_row][et_pb_row column_structure=\u00bb1_2,1_2&#8243; _builder_version=\u00bb4.7.3&#8243; _module_preset=\u00bbdefault\u00bb][et_pb_column type=\u00bb1_2&#8243; _builder_version=\u00bb4.7.3&#8243; _module_preset=\u00bbdefault\u00bb][et_pb_text admin_label=\u00bbConstruction Injury\u00bb _builder_version=\u00bb4.7.3&#8243; _module_preset=\u00bbdefault\u00bb]<\/p>\n<h3>Lesi\u00f3n en la construcci\u00f3n<\/h3>\n<p>Cliente representado permanentemente discapacitado en una lesi\u00f3n en la construcci\u00f3n. Liquidaci\u00f3n de $ 1.9 millones.[\/et_pb_text][et_pb_text admin_label=\u00bbEmployment Discimination\u00bb _builder_version=\u00bb4.7.3&#8243; _module_preset=\u00bbdefault\u00bb]<\/p>\n<h3>Discriminaci\u00f3n laboral<\/h3>\n<p>Colectivo de demandantes representado en materia de discriminaci\u00f3n laboral. Liquidaci\u00f3n total de $ 1.7 millones.[\/et_pb_text][et_pb_text admin_label=\u00bbExcessive Force\u00bb _builder_version=\u00bb4.7.3&#8243; _module_preset=\u00bbdefault\u00bb]<\/p>\n<h3>Fuerza excesiva<\/h3>\n<p>Cliente representado fue v\u00edctima y sobrevivi\u00f3 un brutal asalto f\u00edsico y posterior tiroteo por parte de agentes de polic\u00eda. Liquidaci\u00f3n de $ 850.000.[\/et_pb_text][et_pb_text admin_label=\u00bbResidential Fire Wrongful Death\u00bb _builder_version=\u00bb4.7.3&#8243; _module_preset=\u00bbdefault\u00bb]<\/p>\n<h3>Muerte por negligencia por incendio residencial<\/h3>\n<p>Represente la familia de una v\u00edctima de muerte por negligencia, una acci\u00f3n por negligencia contra un propietario en un incendio residencial. Liquidaci\u00f3n de $ 800.000.[\/et_pb_text][et_pb_text admin_label=\u00bbElevator Injury\u00bb _builder_version=\u00bb4.7.3&#8243; _module_preset=\u00bbdefault\u00bb]<\/p>\n<h3>Lesi\u00f3n en el ascensor<\/h3>\n<p>Represente al cliente que se lesion\u00f3 la rodilla contra una empresa de ascensores por no proporcionar el mantenimiento adecuado, lo que result\u00f3 en un acuerdo previo al litigio anticipado de $ 90,000.[\/et_pb_text][et_pb_text admin_label=\u00bbPro Bono Parole Hearing\u00bb _builder_version=\u00bb4.7.3&#8243; _module_preset=\u00bbdefault\u00bb]<\/p>\n<h3>Audiencia de libertad condicional pro-bono<\/h3>\n<p>Represente con \u00e9xito al cliente con su audiencia de libertad condicional para delincuentes juveniles en la prisi\u00f3n estatal de colonia de hombres de California despu\u00e9s de ser condenado a los 17 a\u00f1os y sentenciado a cadena perpetua. [\/et_pb_text][\/et_pb_column][et_pb_column type=\u00bb1_2&#8243; _builder_version=\u00bb4.7.3&#8243; _module_preset=\u00bbdefault\u00bb][et_pb_text admin_label=\u00bbConstruction Injury\u00bb _builder_version=\u00bb4.7.3&#8243; _module_preset=\u00bbdefault\u00bb]<\/p>\n<h3>Abuso policial<\/h3>\n<p>Actualmente representa al cliente en una acci\u00f3n de derechos civiles contra el departamento de polic\u00eda que dispar\u00f3 al cliente con un proyectil mientras asist\u00eda a una protesta de BLM, lo que result\u00f3 en lesiones graves.[\/et_pb_text][et_pb_text admin_label=\u00bbWrongful Conviction\u00bb _builder_version=\u00bb4.7.3&#8243; _module_preset=\u00bbdefault\u00bb]<\/p>\n<h3>Condena injusta<\/h3>\n<p>Actualmente representa a un cliente con una acci\u00f3n de derechos civiles de condena injusta despu\u00e9s de haber cumplido m\u00e1s de 25 a\u00f1os en el corredor de la muerte y la Corte Suprema de California anul\u00f3 su condena. [\/et_pb_text][et_pb_text admin_label=\u00bbPrison Lawsuit\u00bb _builder_version=\u00bb4.7.3&#8243; _module_preset=\u00bbdefault\u00bb]<\/p>\n<h3>Demanda en prisi\u00f3n<\/h3>\n<p>Actualmente representa a la familia de un cliente que muri\u00f3 mientras estaba bajo la custodia del Departamento de Correcciones de California despu\u00e9s de contraer Covid-19. [\/et_pb_text][et_pb_text admin_label=\u00bbSemi-truck Wrongful Death\u00bb _builder_version=\u00bb4.7.3&#8243; _module_preset=\u00bbdefault\u00bb]<\/p>\n<h3>Muerte por negligencia en semirremolque<\/h3>\n<p>Representa a la familia de un ser querido que muri\u00f3 mientras conduc\u00eda su veh\u00edculo hacia un semirremolque en la interestatal en una acci\u00f3n civil contra el conductor y el propietario del semirremolque.[\/et_pb_text][et_pb_text admin_label=\u00bbProducts Liability\u00bb _builder_version=\u00bb4.7.3&#8243; _module_preset=\u00bbdefault\u00bb]<\/p>\n<h3>Responsabilidad por productos<\/h3>\n<p>Actualmente representa al cliente en una acci\u00f3n de responsabilidad por productos que involucra la muerte de un conductor de cami\u00f3n en la interestatal.[\/et_pb_text][\/et_pb_column][\/et_pb_row][\/et_pb_section][et_pb_section fb_built=\u00bb1&#8243; admin_label=\u00bbLeft Bordered Section\u00bb _builder_version=\u00bb4.7.3&#8243; _module_preset=\u00bbdefault\u00bb background_enable_color=\u00bboff\u00bb border_width_left=\u00bb135px\u00bb border_color_left=\u00bb#a8261f\u00bb][et_pb_row admin_label=\u00bbLeft Bordered Row\u00bb _builder_version=\u00bb4.7.4&#8243; _module_preset=\u00bbdefault\u00bb max_width=\u00bb1335px\u00bb][et_pb_column type=\u00bb4_4&#8243; _builder_version=\u00bb4.7.3&#8243; _module_preset=\u00bbdefault\u00bb][et_pb_text admin_label=\u00bbContact Zavala Law Group Today\u00bb _builder_version=\u00bb4.7.7&#8243; _module_preset=\u00bbdefault\u00bb hover_enabled=\u00bb0&#8243; sticky_enabled=\u00bb0&#8243;]<\/p>\n<h2>Contacte Zavala Law Group Hoy<\/h2>\n<p>[\/et_pb_text][et_pb_text admin_label=\u00bbBordered Text\u00bb _builder_version=\u00bb4.7.7&#8243; _module_preset=\u00bbdefault\u00bb hover_enabled=\u00bb0&#8243; sticky_enabled=\u00bb0&#8243;]Programa una consulta inicial gratu\u00efta para hablar de tu caso potencial con un abogado por medio de la pagina de contactarnos o llamando a nuestra oficina[\/et_pb_text][et_pb_button button_url=\u00bbhttps:\/\/zavalalawgroup.com\/es\/contactanos\/\u00bb button_text=\u00bbContactanos\u00bb _builder_version=\u00bb4.7.3&#8243; _module_preset=\u00bbdefault\u00bb][\/et_pb_button][\/et_pb_column][\/et_pb_row][\/et_pb_section]<\/p>\n","protected":false},"excerpt":{"rendered":"<p>Casos RepresentativosOur Featured CaseCasos RepresentativosZLG ha obtenido importantes victorias en nombre de nuestros clientes. A continuaci\u00f3n, presentamos una muestra de las victorias de la firma de abogados y los tipos de clientes que ZLG representa actualmente:Lesi\u00f3n en la construcci\u00f3n Cliente representado permanentemente discapacitado en una lesi\u00f3n en la construcci\u00f3n. Liquidaci\u00f3n de $ 1.9 millones.Discriminaci\u00f3n laboral [&hellip;]<\/p>\n","protected":false},"author":1,"featured_media":0,"parent":0,"menu_order":0,"comment_status":"closed","ping_status":"closed","template":"","meta":{"_et_pb_use_builder":"on","_et_pb_old_content":"","_et_gb_content_width":"","footnotes":""},"class_list":["post-998","page","type-page","status-publish","hentry"],"yoast_head":"<!-- This site is optimized with the Yoast SEO plugin v27.3 - https:\/\/yoast.com\/product\/yoast-seo-wordpress\/ -->\n<title>Casos Representativos<\/title>\n<meta name=\"description\" content=\"Zavala Law Group in Los Angeles serves those severely injured due to carelessness or negligence, with practice areas of personal injury\/wrongful death, business litigation, employment law and nonprofit law.\" \/>\n<meta name=\"robots\" content=\"index, follow, max-snippet:-1, max-image-preview:large, max-video-preview:-1\" \/>\n<link rel=\"canonical\" href=\"https:\/\/zavalalawgroup.com\/es\/casos-representativos\/\" \/>\n<meta property=\"og:locale\" content=\"es_ES\" \/>\n<meta property=\"og:type\" content=\"article\" \/>\n<meta property=\"og:title\" content=\"Casos Representativos\" \/>\n<meta property=\"og:description\" content=\"Zavala Law Group in Los Angeles serves those severely injured due to carelessness or negligence, with practice areas of personal injury\/wrongful death, business litigation, employment law and nonprofit law.\" \/>\n<meta property=\"og:url\" content=\"https:\/\/zavalalawgroup.com\/es\/casos-representativos\/\" \/>\n<meta property=\"og:site_name\" content=\"Zavala Law Group\" \/>\n<meta property=\"article:modified_time\" content=\"2020-12-17T23:03:15+00:00\" \/>\n<meta name=\"twitter:card\" content=\"summary_large_image\" \/>\n<meta name=\"twitter:label1\" content=\"Tiempo de lectura\" \/>\n\t<meta name=\"twitter:data1\" content=\"5 minutos\" \/>\n<script type=\"application\/ld+json\" class=\"yoast-schema-graph\">{\"@context\":\"https:\\\/\\\/schema.org\",\"@graph\":[{\"@type\":\"WebPage\",\"@id\":\"https:\\\/\\\/zavalalawgroup.com\\\/es\\\/casos-representativos\\\/\",\"url\":\"https:\\\/\\\/zavalalawgroup.com\\\/es\\\/casos-representativos\\\/\",\"name\":\"Casos Representativos\",\"isPartOf\":{\"@id\":\"https:\\\/\\\/zavalalawgroup.com\\\/#website\"},\"datePublished\":\"2020-12-16T23:13:22+00:00\",\"dateModified\":\"2020-12-17T23:03:15+00:00\",\"description\":\"Zavala Law Group in Los Angeles serves those severely injured due to carelessness or negligence, with practice areas of personal injury\\\/wrongful death, business litigation, employment law and nonprofit law.\",\"breadcrumb\":{\"@id\":\"https:\\\/\\\/zavalalawgroup.com\\\/es\\\/casos-representativos\\\/#breadcrumb\"},\"inLanguage\":\"es\",\"potentialAction\":[{\"@type\":\"ReadAction\",\"target\":[\"https:\\\/\\\/zavalalawgroup.com\\\/es\\\/casos-representativos\\\/\"]}]},{\"@type\":\"BreadcrumbList\",\"@id\":\"https:\\\/\\\/zavalalawgroup.com\\\/es\\\/casos-representativos\\\/#breadcrumb\",\"itemListElement\":[{\"@type\":\"ListItem\",\"position\":1,\"name\":\"Home\",\"item\":\"https:\\\/\\\/zavalalawgroup.com\\\/\"},{\"@type\":\"ListItem\",\"position\":2,\"name\":\"Casos Representativos\"}]},{\"@type\":\"WebSite\",\"@id\":\"https:\\\/\\\/zavalalawgroup.com\\\/#website\",\"url\":\"https:\\\/\\\/zavalalawgroup.com\\\/\",\"name\":\"Zavala Law Group\",\"description\":\"\",\"publisher\":{\"@id\":\"https:\\\/\\\/zavalalawgroup.com\\\/#organization\"},\"potentialAction\":[{\"@type\":\"SearchAction\",\"target\":{\"@type\":\"EntryPoint\",\"urlTemplate\":\"https:\\\/\\\/zavalalawgroup.com\\\/?s={search_term_string}\"},\"query-input\":{\"@type\":\"PropertyValueSpecification\",\"valueRequired\":true,\"valueName\":\"search_term_string\"}}],\"inLanguage\":\"es\"},{\"@type\":\"Organization\",\"@id\":\"https:\\\/\\\/zavalalawgroup.com\\\/#organization\",\"name\":\"Zavala Law Group\",\"url\":\"https:\\\/\\\/zavalalawgroup.com\\\/\",\"logo\":{\"@type\":\"ImageObject\",\"inLanguage\":\"es\",\"@id\":\"https:\\\/\\\/zavalalawgroup.com\\\/#\\\/schema\\\/logo\\\/image\\\/\",\"url\":\"https:\\\/\\\/zavalalawgroup.com\\\/wp-content\\\/uploads\\\/2020\\\/11\\\/ZLG-Logo-2x.png\",\"contentUrl\":\"https:\\\/\\\/zavalalawgroup.com\\\/wp-content\\\/uploads\\\/2020\\\/11\\\/ZLG-Logo-2x.png\",\"width\":354,\"height\":132,\"caption\":\"Zavala Law Group\"},\"image\":{\"@id\":\"https:\\\/\\\/zavalalawgroup.com\\\/#\\\/schema\\\/logo\\\/image\\\/\"}}]}<\/script>\n<!-- \/ Yoast SEO plugin. -->","yoast_head_json":{"title":"Casos Representativos","description":"Zavala Law Group in Los Angeles serves those severely injured due to carelessness or negligence, with practice areas of personal injury\/wrongful death, business litigation, employment law and nonprofit law.","robots":{"index":"index","follow":"follow","max-snippet":"max-snippet:-1","max-image-preview":"max-image-preview:large","max-video-preview":"max-video-preview:-1"},"canonical":"https:\/\/zavalalawgroup.com\/es\/casos-representativos\/","og_locale":"es_ES","og_type":"article","og_title":"Casos Representativos","og_description":"Zavala Law Group in Los Angeles serves those severely injured due to carelessness or negligence, with practice areas of personal injury\/wrongful death, business litigation, employment law and nonprofit law.","og_url":"https:\/\/zavalalawgroup.com\/es\/casos-representativos\/","og_site_name":"Zavala Law Group","article_modified_time":"2020-12-17T23:03:15+00:00","twitter_card":"summary_large_image","twitter_misc":{"Tiempo de lectura":"5 minutos"},"schema":{"@context":"https:\/\/schema.org","@graph":[{"@type":"WebPage","@id":"https:\/\/zavalalawgroup.com\/es\/casos-representativos\/","url":"https:\/\/zavalalawgroup.com\/es\/casos-representativos\/","name":"Casos Representativos","isPartOf":{"@id":"https:\/\/zavalalawgroup.com\/#website"},"datePublished":"2020-12-16T23:13:22+00:00","dateModified":"2020-12-17T23:03:15+00:00","description":"Zavala Law Group in Los Angeles serves those severely injured due to carelessness or negligence, with practice areas of personal injury\/wrongful death, business litigation, employment law and nonprofit law.","breadcrumb":{"@id":"https:\/\/zavalalawgroup.com\/es\/casos-representativos\/#breadcrumb"},"inLanguage":"es","potentialAction":[{"@type":"ReadAction","target":["https:\/\/zavalalawgroup.com\/es\/casos-representativos\/"]}]},{"@type":"BreadcrumbList","@id":"https:\/\/zavalalawgroup.com\/es\/casos-representativos\/#breadcrumb","itemListElement":[{"@type":"ListItem","position":1,"name":"Home","item":"https:\/\/zavalalawgroup.com\/"},{"@type":"ListItem","position":2,"name":"Casos Representativos"}]},{"@type":"WebSite","@id":"https:\/\/zavalalawgroup.com\/#website","url":"https:\/\/zavalalawgroup.com\/","name":"Zavala Law Group","description":"","publisher":{"@id":"https:\/\/zavalalawgroup.com\/#organization"},"potentialAction":[{"@type":"SearchAction","target":{"@type":"EntryPoint","urlTemplate":"https:\/\/zavalalawgroup.com\/?s={search_term_string}"},"query-input":{"@type":"PropertyValueSpecification","valueRequired":true,"valueName":"search_term_string"}}],"inLanguage":"es"},{"@type":"Organization","@id":"https:\/\/zavalalawgroup.com\/#organization","name":"Zavala Law Group","url":"https:\/\/zavalalawgroup.com\/","logo":{"@type":"ImageObject","inLanguage":"es","@id":"https:\/\/zavalalawgroup.com\/#\/schema\/logo\/image\/","url":"https:\/\/zavalalawgroup.com\/wp-content\/uploads\/2020\/11\/ZLG-Logo-2x.png","contentUrl":"https:\/\/zavalalawgroup.com\/wp-content\/uploads\/2020\/11\/ZLG-Logo-2x.png","width":354,"height":132,"caption":"Zavala Law Group"},"image":{"@id":"https:\/\/zavalalawgroup.com\/#\/schema\/logo\/image\/"}}]}},"_links":{"self":[{"href":"https:\/\/zavalalawgroup.com\/es\/wp-json\/wp\/v2\/pages\/998","targetHints":{"allow":["GET"]}}],"collection":[{"href":"https:\/\/zavalalawgroup.com\/es\/wp-json\/wp\/v2\/pages"}],"about":[{"href":"https:\/\/zavalalawgroup.com\/es\/wp-json\/wp\/v2\/types\/page"}],"author":[{"embeddable":true,"href":"https:\/\/zavalalawgroup.com\/es\/wp-json\/wp\/v2\/users\/1"}],"replies":[{"embeddable":true,"href":"https:\/\/zavalalawgroup.com\/es\/wp-json\/wp\/v2\/comments?post=998"}],"version-history":[{"count":0,"href":"https:\/\/zavalalawgroup.com\/es\/wp-json\/wp\/v2\/pages\/998\/revisions"}],"wp:attachment":[{"href":"https:\/\/zavalalawgroup.com\/es\/wp-json\/wp\/v2\/media?parent=998"}],"curies":[{"name":"wp","href":"https:\/\/api.w.org\/{rel}","templated":true}]}}