{"id":979,"date":"2020-12-16T13:46:25","date_gmt":"2020-12-16T21:46:25","guid":{"rendered":"https:\/\/zavalalawgroup.com\/noticias-de-prensa\/"},"modified":"2026-05-07T11:35:34","modified_gmt":"2026-05-07T18:35:34","slug":"prensa","status":"publish","type":"page","link":"https:\/\/zavalalawgroup.com\/es\/prensa\/","title":{"rendered":"Prensa"},"content":{"rendered":"<p>[et_pb_section fb_built=\u00bb1&#8243; admin_label=\u00bbPage Title Background\u00bb _builder_version=\u00bb4.16&#8243; _module_preset=\u00bbdefault\u00bb background_image=\u00bbhttps:\/\/zavalalawgroup.com\/wp-content\/uploads\/2020\/11\/ZLG-SubpageHeader-PressNews.jpg\u00bb min_height=\u00bb350px\u00bb height=\u00bb350px\u00bb custom_css_main_element=\u00bbdisplay: flex;||flex-direction: column;||justify-content: center;\u00bb global_colors_info=\u00bb{}\u00bb][et_pb_row admin_label=\u00bbPage Title Row\u00bb _builder_version=\u00bb4.16&#8243; _module_preset=\u00bbdefault\u00bb global_colors_info=\u00bb{}\u00bb][et_pb_column type=\u00bb4_4&#8243; _builder_version=\u00bb4.16&#8243; _module_preset=\u00bbdefault\u00bb global_colors_info=\u00bb{}\u00bb][et_pb_text admin_label=\u00bbPage Title Text\u00bb _builder_version=\u00bb4.16&#8243; _module_preset=\u00bbdefault\u00bb global_colors_info=\u00bb{}\u00bb]<\/p>\n<h1 style=\"text-align: center;\"><span style=\"color: #ffffff;\">Prensa<\/span><\/h1>\n<p>[\/et_pb_text][\/et_pb_column][\/et_pb_row][\/et_pb_section][et_pb_section fb_built=\u00bb1&#8243; _builder_version=\u00bb4.16&#8243; _module_preset=\u00bbdefault\u00bb global_colors_info=\u00bb{}\u00bb][et_pb_row _builder_version=\u00bb4.16&#8243; _module_preset=\u00bbdefault\u00bb global_colors_info=\u00bb{}\u00bb][et_pb_column type=\u00bb4_4&#8243; _builder_version=\u00bb4.16&#8243; _module_preset=\u00bbdefault\u00bb global_colors_info=\u00bb{}\u00bb][et_pb_text admin_label=\u00bbZavala Law Group\u2019s Latest Press Releases\u00bb _builder_version=\u00bb4.16&#8243; _module_preset=\u00bbdefault\u00bb global_colors_info=\u00bb{}\u00bb]<\/p>\n<h2 style=\"text-align: center;\">Prensa de Zavala Law Group<\/h2>\n<p>[\/et_pb_text][\/et_pb_column][\/et_pb_row][et_pb_row _builder_version=\u00bb4.27.6&#8243; _module_preset=\u00bbdefault\u00bb global_colors_info=\u00bb{}\u00bb][et_pb_column type=\u00bb4_4&#8243; _builder_version=\u00bb4.27.6&#8243; _module_preset=\u00bbdefault\u00bb global_colors_info=\u00bb{}\u00bb][et_pb_text _builder_version=\u00bb4.27.6&#8243; _module_preset=\u00bbdefault\u00bb global_colors_info=\u00bb{}\u00bb]<\/p>\n<p>Zavala Law Group ha sido mencionado en medios locales y nacionales por su trabajo en derechos civiles, defensa de condenas injustas e inmigraci\u00f3n. A continuaci\u00f3n encontrar\u00e1 algunas menciones de prensa y apariciones en medios del abogado gerente Salom\u00f3n Zavala, Esq.<\/p>\n<p>[\/et_pb_text][\/et_pb_column][\/et_pb_row][et_pb_row column_structure=\u00bb1_3,1_3,1_3&#8243; use_custom_gutter=\u00bbon\u00bb make_equal=\u00bbon\u00bb _builder_version=\u00bb4.16&#8243; _module_preset=\u00bbdefault\u00bb global_colors_info=\u00bb{}\u00bb][et_pb_column type=\u00bb1_3&#8243; _builder_version=\u00bb4.16&#8243; _module_preset=\u00bbdefault\u00bb global_colors_info=\u00bb{}\u00bb][et_pb_image src=\u00bbhttps:\/\/zavalalawgroup.com\/wp-content\/uploads\/2020\/11\/ZLG-PressNews-Thumbnail-Article1.jpg\u00bb alt=\u00bbZlg Pressnews Thumbnail Article1&#8243; title_text=\u00bbZlg Pressnews Thumbnail Article1&#8243; url=\u00bbhttps:\/\/abc7.com\/wrongfully-convicted-california-death-row-inmate-files-lawsuit\/5366745\/?fbclid=IwAR3gXlaZAIHYY1YFDMxtPXoTEzAztSNAVq441u4iVBRjbigAavI6B3o-vJQ\u00bb url_new_window=\u00bbon\u00bb _builder_version=\u00bb4.16&#8243; _module_preset=\u00bbdefault\u00bb global_colors_info=\u00bb{}\u00bb][\/et_pb_image][\/et_pb_column][et_pb_column type=\u00bb1_3&#8243; _builder_version=\u00bb4.16&#8243; _module_preset=\u00bbdefault\u00bb global_colors_info=\u00bb{}\u00bb][et_pb_image src=\u00bbhttps:\/\/zavalalawgroup.com\/wp-content\/uploads\/2020\/11\/ZLG-PressNews-Thumbnail-Article2.jpg\u00bb alt=\u00bbZlg Pressnews Thumbnail Article2&#8243; title_text=\u00bbZlg Pressnews Thumbnail Article2&#8243; url=\u00bbhttp:\/\/voicesofny.org\/2015\/11\/the-consequences-of-deferred-daca-and-dapa-for-mexican-immigrants\/\u00bb url_new_window=\u00bbon\u00bb _builder_version=\u00bb4.16&#8243; _module_preset=\u00bbdefault\u00bb global_colors_info=\u00bb{}\u00bb][\/et_pb_image][\/et_pb_column][et_pb_column type=\u00bb1_3&#8243; _builder_version=\u00bb4.16&#8243; _module_preset=\u00bbdefault\u00bb global_colors_info=\u00bb{}\u00bb][et_pb_image src=\u00bbhttps:\/\/zavalalawgroup.com\/wp-content\/uploads\/2020\/11\/ZLG-PressNews-Thumbnail-Article3.jpg\u00bb alt=\u00bbZlg Pressnews Thumbnail Article3&#8243; title_text=\u00bbZlg Pressnews Thumbnail Article3&#8243; url=\u00bbhttps:\/\/www.informador.mx\/Jalisco\/Organizacion-de-Los-Angeles-recomienda-invertir-en-jovenes-20130722-0048.html\u00bb url_new_window=\u00bbon\u00bb _builder_version=\u00bb4.16&#8243; _module_preset=\u00bbdefault\u00bb global_colors_info=\u00bb{}\u00bb][\/et_pb_image][\/et_pb_column][\/et_pb_row][et_pb_row column_structure=\u00bb1_3,1_3,1_3&#8243; use_custom_gutter=\u00bbon\u00bb make_equal=\u00bbon\u00bb _builder_version=\u00bb4.16&#8243; _module_preset=\u00bbdefault\u00bb global_colors_info=\u00bb{}\u00bb][et_pb_column type=\u00bb1_3&#8243; _builder_version=\u00bb4.16&#8243; _module_preset=\u00bbdefault\u00bb global_colors_info=\u00bb{}\u00bb][et_pb_text _builder_version=\u00bb4.27.6&#8243; _module_preset=\u00bbdefault\u00bb hover_enabled=\u00bb0&#8243; sticky_enabled=\u00bb0&#8243;]<\/p>\n<p>Zavala Law Group represent\u00f3 a Vicente Benevides, un agricultor que pas\u00f3 26 a\u00f1os en el corredor de la muerte de San Quint\u00edn tras ser condenado por un testimonio falso. Despu\u00e9s de a\u00f1os de litigio y revisi\u00f3n del caso, Benevides fue liberado. ABC7 cubri\u00f3 el caso como ejemplo del impacto del testimonio falso en el sistema de<br \/>\njusticia penal de California. <\/p>\n<p>[\/et_pb_text][\/et_pb_column][et_pb_column type=\u00bb1_3&#8243; _builder_version=\u00bb4.16&#8243; _module_preset=\u00bbdefault\u00bb global_colors_info=\u00bb{}\u00bb][et_pb_text _builder_version=\u00bb4.27.6&#8243; _module_preset=\u00bbdefault\u00bb hover_enabled=\u00bb0&#8243; sticky_enabled=\u00bb0&#8243;]<\/p>\n<p>Salom\u00f3n Zavala fue entrevistado por Voices of New York sobre las implicaciones legales de DACA y DAPA para inmigrantes mexicanos. En la entrevista explic\u00f3 las opciones disponibles para familias de estatus migratorio mixto y la importancia de conocer los derechos migratorios.<\/p>\n<p>[\/et_pb_text][\/et_pb_column][et_pb_column type=\u00bb1_3&#8243; _builder_version=\u00bb4.16&#8243; _module_preset=\u00bbdefault\u00bb global_colors_info=\u00bb{}\u00bb][et_pb_text _builder_version=\u00bb4.27.6&#8243; _module_preset=\u00bbdefault\u00bb hover_enabled=\u00bb0&#8243; sticky_enabled=\u00bb0&#8243;]<\/p>\n<p>Salom\u00f3n Zavala visit\u00f3 Guadalajara como representante de una organizaci\u00f3n de Los \u00c1ngeles para compartir su experiencia en reintegraci\u00f3n social y programas de inversi\u00f3n en j\u00f3venes. El evento fue organizado en la Universidad de Guadalajara y cubierto por El Informador.\n<\/p>\n<p>[\/et_pb_text][\/et_pb_column][\/et_pb_row][\/et_pb_section][et_pb_section fb_built=\u00bb1&#8243; disabled_on=\u00bbon|on|on\u00bb _builder_version=\u00bb4.16&#8243; _module_preset=\u00bbdefault\u00bb background_color=\u00bb#f9f9f9&#8243; width=\u00bb100%\u00bb max_width=\u00bb100%\u00bb custom_padding=\u00bb130px||30px||false|false\u00bb top_divider_style=\u00bbmountains\u00bb top_divider_color=\u00bb#ffffff\u00bb top_divider_height=\u00bb130px\u00bb top_divider_flip=\u00bbhorizontal\u00bb disabled=\u00bbon\u00bb global_colors_info=\u00bb{}\u00bb][et_pb_row _builder_version=\u00bb4.16&#8243; _module_preset=\u00bbdefault\u00bb global_colors_info=\u00bb{}\u00bb][et_pb_column type=\u00bb4_4&#8243; _builder_version=\u00bb4.16&#8243; _module_preset=\u00bbdefault\u00bb global_colors_info=\u00bb{}\u00bb][et_pb_text admin_label=\u00bbOur News and Articles\u00bb _builder_version=\u00bb4.16&#8243; _module_preset=\u00bbdefault\u00bb global_colors_info=\u00bb{}\u00bb]<\/p>\n<h2 style=\"text-align: center;\">Noticias y Articulos<\/h2>\n<p>[\/et_pb_text][\/et_pb_column][\/et_pb_row][et_pb_row use_custom_gutter=\u00bbon\u00bb make_equal=\u00bbon\u00bb _builder_version=\u00bb4.16&#8243; _module_preset=\u00bbdefault\u00bb global_colors_info=\u00bb{}\u00bb][et_pb_column type=\u00bb4_4&#8243; _builder_version=\u00bb4.16&#8243; _module_preset=\u00bbdefault\u00bb global_colors_info=\u00bb{}\u00bb][et_pb_blog fullwidth=\u00bboff\u00bb posts_number=\u00bb6&#8243; include_categories=\u00bb1&#8243; meta_date=\u00bbF j, Y\u00bb show_thumbnail=\u00bboff\u00bb excerpt_length=\u00bb179&#8243; show_author=\u00bboff\u00bb show_categories=\u00bboff\u00bb show_pagination=\u00bboff\u00bb admin_label=\u00bbBlog Content\u00bb _builder_version=\u00bb4.16&#8243; _module_preset=\u00bbdefault\u00bb header_level=\u00bbh6&#8243; body_text_color=\u00bb#2b2b2b\u00bb body_letter_spacing=\u00bb0.5px\u00bb body_line_height=\u00bb28px\u00bb meta_font=\u00bbMukta|||on|||||\u00bb meta_text_color=\u00bb#707070&#8243; meta_font_size=\u00bb15px\u00bb meta_letter_spacing=\u00bb0.44px\u00bb meta_line_height=\u00bb28px\u00bb custom_padding=\u00bb||||false|false\u00bb border_width_all=\u00bb0px\u00bb box_shadow_style=\u00bbpreset1&#8243; box_shadow_blur=\u00bb8px\u00bb box_shadow_color=\u00bbrgba(0,0,0,0.25)\u00bb global_colors_info=\u00bb{}\u00bb][\/et_pb_blog][\/et_pb_column][\/et_pb_row][\/et_pb_section]<\/p>\n","protected":false},"excerpt":{"rendered":"<p>PrensaPrensa de Zavala Law GroupZavala Law Group ha sido mencionado en medios locales y nacionales por su trabajo en derechos civiles, defensa de condenas injustas e inmigraci\u00f3n. A continuaci\u00f3n encontrar\u00e1 algunas menciones de prensa y apariciones en medios del abogado gerente Salom\u00f3n Zavala, Esq.Zavala Law Group represent\u00f3 a Vicente Benevides, un agricultor que pas\u00f3 26 [&hellip;]<\/p>\n","protected":false},"author":1,"featured_media":0,"parent":0,"menu_order":0,"comment_status":"closed","ping_status":"closed","template":"","meta":{"_et_pb_use_builder":"on","_et_pb_old_content":"","_et_gb_content_width":"","footnotes":""},"class_list":["post-979","page","type-page","status-publish","hentry"],"yoast_head":"<!-- This site is optimized with the Yoast SEO plugin v27.5 - https:\/\/yoast.com\/product\/yoast-seo-wordpress\/ -->\n<title>Prensa y Noticias | Zavala Law Group<\/title>\n<meta name=\"description\" content=\"Cobertura de prensa y noticias sobre Zavala Law Group \u2014 bufete de abogados en Los \u00c1ngeles dedicado a los Derechos Civiles, Lesiones e Inmigraci\u00f3n.\" \/>\n<meta name=\"robots\" content=\"index, follow, max-snippet:-1, max-image-preview:large, max-video-preview:-1\" \/>\n<link rel=\"canonical\" href=\"https:\/\/zavalalawgroup.com\/es\/prensa\/\" \/>\n<meta property=\"og:locale\" content=\"es_ES\" \/>\n<meta property=\"og:type\" content=\"article\" \/>\n<meta property=\"og:title\" content=\"Prensa y Noticias | Zavala Law Group\" \/>\n<meta property=\"og:description\" content=\"Cobertura de prensa y noticias sobre Zavala Law Group \u2014 bufete de abogados en Los \u00c1ngeles dedicado a los Derechos Civiles, Lesiones e Inmigraci\u00f3n.\" \/>\n<meta property=\"og:url\" content=\"https:\/\/zavalalawgroup.com\/es\/prensa\/\" \/>\n<meta property=\"og:site_name\" content=\"Zavala Law Group\" \/>\n<meta property=\"article:modified_time\" content=\"2026-05-07T18:35:34+00:00\" \/>\n<meta name=\"twitter:card\" content=\"summary_large_image\" \/>\n<meta name=\"twitter:label1\" content=\"Tiempo de lectura\" \/>\n\t<meta name=\"twitter:data1\" content=\"1 minuto\" \/>\n<script type=\"application\/ld+json\" class=\"yoast-schema-graph\">{\"@context\":\"https:\\\/\\\/schema.org\",\"@graph\":[{\"@type\":\"WebPage\",\"@id\":\"https:\\\/\\\/zavalalawgroup.com\\\/es\\\/prensa\\\/\",\"url\":\"https:\\\/\\\/zavalalawgroup.com\\\/es\\\/prensa\\\/\",\"name\":\"Prensa y Noticias | Zavala Law Group\",\"isPartOf\":{\"@id\":\"https:\\\/\\\/zavalalawgroup.com\\\/#website\"},\"datePublished\":\"2020-12-16T21:46:25+00:00\",\"dateModified\":\"2026-05-07T18:35:34+00:00\",\"description\":\"Cobertura de prensa y noticias sobre Zavala Law Group \u2014 bufete de abogados en Los \u00c1ngeles dedicado a los Derechos Civiles, Lesiones e Inmigraci\u00f3n.\",\"breadcrumb\":{\"@id\":\"https:\\\/\\\/zavalalawgroup.com\\\/es\\\/prensa\\\/#breadcrumb\"},\"inLanguage\":\"es\",\"potentialAction\":[{\"@type\":\"ReadAction\",\"target\":[\"https:\\\/\\\/zavalalawgroup.com\\\/es\\\/prensa\\\/\"]}]},{\"@type\":\"BreadcrumbList\",\"@id\":\"https:\\\/\\\/zavalalawgroup.com\\\/es\\\/prensa\\\/#breadcrumb\",\"itemListElement\":[{\"@type\":\"ListItem\",\"position\":1,\"name\":\"Home\",\"item\":\"https:\\\/\\\/zavalalawgroup.com\\\/es\\\/\"},{\"@type\":\"ListItem\",\"position\":2,\"name\":\"Prensa\"}]},{\"@type\":\"WebSite\",\"@id\":\"https:\\\/\\\/zavalalawgroup.com\\\/#website\",\"url\":\"https:\\\/\\\/zavalalawgroup.com\\\/\",\"name\":\"Zavala Law Group\",\"description\":\"\",\"publisher\":{\"@id\":\"https:\\\/\\\/zavalalawgroup.com\\\/#organization\"},\"potentialAction\":[{\"@type\":\"SearchAction\",\"target\":{\"@type\":\"EntryPoint\",\"urlTemplate\":\"https:\\\/\\\/zavalalawgroup.com\\\/?s={search_term_string}\"},\"query-input\":{\"@type\":\"PropertyValueSpecification\",\"valueRequired\":true,\"valueName\":\"search_term_string\"}}],\"inLanguage\":\"es\"},{\"@type\":\"Organization\",\"@id\":\"https:\\\/\\\/zavalalawgroup.com\\\/#organization\",\"name\":\"Zavala Law Group\",\"url\":\"https:\\\/\\\/zavalalawgroup.com\\\/\",\"logo\":{\"@type\":\"ImageObject\",\"inLanguage\":\"es\",\"@id\":\"https:\\\/\\\/zavalalawgroup.com\\\/#\\\/schema\\\/logo\\\/image\\\/\",\"url\":\"https:\\\/\\\/zavalalawgroup.com\\\/wp-content\\\/uploads\\\/2026\\\/05\\\/zavala-logo-1024x1024.png\",\"contentUrl\":\"https:\\\/\\\/zavalalawgroup.com\\\/wp-content\\\/uploads\\\/2026\\\/05\\\/zavala-logo-1024x1024.png\",\"width\":1024,\"height\":1024,\"caption\":\"Zavala Law Group\"},\"image\":{\"@id\":\"https:\\\/\\\/zavalalawgroup.com\\\/#\\\/schema\\\/logo\\\/image\\\/\"}}]}<\/script>\n<!-- \/ Yoast SEO plugin. -->","yoast_head_json":{"title":"Prensa y Noticias | Zavala Law Group","description":"Cobertura de prensa y noticias sobre Zavala Law Group \u2014 bufete de abogados en Los \u00c1ngeles dedicado a los Derechos Civiles, Lesiones e Inmigraci\u00f3n.","robots":{"index":"index","follow":"follow","max-snippet":"max-snippet:-1","max-image-preview":"max-image-preview:large","max-video-preview":"max-video-preview:-1"},"canonical":"https:\/\/zavalalawgroup.com\/es\/prensa\/","og_locale":"es_ES","og_type":"article","og_title":"Prensa y Noticias | Zavala Law Group","og_description":"Cobertura de prensa y noticias sobre Zavala Law Group \u2014 bufete de abogados en Los \u00c1ngeles dedicado a los Derechos Civiles, Lesiones e Inmigraci\u00f3n.","og_url":"https:\/\/zavalalawgroup.com\/es\/prensa\/","og_site_name":"Zavala Law Group","article_modified_time":"2026-05-07T18:35:34+00:00","twitter_card":"summary_large_image","twitter_misc":{"Tiempo de lectura":"1 minuto"},"schema":{"@context":"https:\/\/schema.org","@graph":[{"@type":"WebPage","@id":"https:\/\/zavalalawgroup.com\/es\/prensa\/","url":"https:\/\/zavalalawgroup.com\/es\/prensa\/","name":"Prensa y Noticias | Zavala Law Group","isPartOf":{"@id":"https:\/\/zavalalawgroup.com\/#website"},"datePublished":"2020-12-16T21:46:25+00:00","dateModified":"2026-05-07T18:35:34+00:00","description":"Cobertura de prensa y noticias sobre Zavala Law Group \u2014 bufete de abogados en Los \u00c1ngeles dedicado a los Derechos Civiles, Lesiones e Inmigraci\u00f3n.","breadcrumb":{"@id":"https:\/\/zavalalawgroup.com\/es\/prensa\/#breadcrumb"},"inLanguage":"es","potentialAction":[{"@type":"ReadAction","target":["https:\/\/zavalalawgroup.com\/es\/prensa\/"]}]},{"@type":"BreadcrumbList","@id":"https:\/\/zavalalawgroup.com\/es\/prensa\/#breadcrumb","itemListElement":[{"@type":"ListItem","position":1,"name":"Home","item":"https:\/\/zavalalawgroup.com\/es\/"},{"@type":"ListItem","position":2,"name":"Prensa"}]},{"@type":"WebSite","@id":"https:\/\/zavalalawgroup.com\/#website","url":"https:\/\/zavalalawgroup.com\/","name":"Zavala Law Group","description":"","publisher":{"@id":"https:\/\/zavalalawgroup.com\/#organization"},"potentialAction":[{"@type":"SearchAction","target":{"@type":"EntryPoint","urlTemplate":"https:\/\/zavalalawgroup.com\/?s={search_term_string}"},"query-input":{"@type":"PropertyValueSpecification","valueRequired":true,"valueName":"search_term_string"}}],"inLanguage":"es"},{"@type":"Organization","@id":"https:\/\/zavalalawgroup.com\/#organization","name":"Zavala Law Group","url":"https:\/\/zavalalawgroup.com\/","logo":{"@type":"ImageObject","inLanguage":"es","@id":"https:\/\/zavalalawgroup.com\/#\/schema\/logo\/image\/","url":"https:\/\/zavalalawgroup.com\/wp-content\/uploads\/2026\/05\/zavala-logo-1024x1024.png","contentUrl":"https:\/\/zavalalawgroup.com\/wp-content\/uploads\/2026\/05\/zavala-logo-1024x1024.png","width":1024,"height":1024,"caption":"Zavala Law Group"},"image":{"@id":"https:\/\/zavalalawgroup.com\/#\/schema\/logo\/image\/"}}]}},"_links":{"self":[{"href":"https:\/\/zavalalawgroup.com\/es\/wp-json\/wp\/v2\/pages\/979","targetHints":{"allow":["GET"]}}],"collection":[{"href":"https:\/\/zavalalawgroup.com\/es\/wp-json\/wp\/v2\/pages"}],"about":[{"href":"https:\/\/zavalalawgroup.com\/es\/wp-json\/wp\/v2\/types\/page"}],"author":[{"embeddable":true,"href":"https:\/\/zavalalawgroup.com\/es\/wp-json\/wp\/v2\/users\/1"}],"replies":[{"embeddable":true,"href":"https:\/\/zavalalawgroup.com\/es\/wp-json\/wp\/v2\/comments?post=979"}],"version-history":[{"count":4,"href":"https:\/\/zavalalawgroup.com\/es\/wp-json\/wp\/v2\/pages\/979\/revisions"}],"predecessor-version":[{"id":2503,"href":"https:\/\/zavalalawgroup.com\/es\/wp-json\/wp\/v2\/pages\/979\/revisions\/2503"}],"wp:attachment":[{"href":"https:\/\/zavalalawgroup.com\/es\/wp-json\/wp\/v2\/media?parent=979"}],"curies":[{"name":"wp","href":"https:\/\/api.w.org\/{rel}","templated":true}]}}