{"id":1160,"date":"2020-12-17T14:19:42","date_gmt":"2020-12-17T22:19:42","guid":{"rendered":"https:\/\/zavalalawgroup.com\/areas-de-practica\/"},"modified":"2020-12-28T08:17:48","modified_gmt":"2020-12-28T16:17:48","slug":"areas-de-practica","status":"publish","type":"page","link":"https:\/\/zavalalawgroup.com\/es\/areas-de-practica\/","title":{"rendered":"\u00c1reas de Pr\u00e1ctica"},"content":{"rendered":"<p>[et_pb_section fb_built=\u00bb1&#8243; admin_label=\u00bbPage Title Background\u00bb _builder_version=\u00bb4.7.3&#8243; _module_preset=\u00bbdefault\u00bb background_image=\u00bbhttps:\/\/zavalalawgroup.com\/wp-content\/uploads\/2020\/11\/ZLG-SubpageHeader-PracticeAreas.jpg\u00bb min_height=\u00bb350px\u00bb height=\u00bb350px\u00bb custom_css_main_element=\u00bbdisplay: flex;||flex-direction: column;||justify-content: center;\u00bb][et_pb_row admin_label=\u00bbPage Title Row\u00bb _builder_version=\u00bb4.7.3&#8243; _module_preset=\u00bbdefault\u00bb][et_pb_column type=\u00bb4_4&#8243; _builder_version=\u00bb4.7.3&#8243; _module_preset=\u00bbdefault\u00bb][et_pb_text admin_label=\u00bbPage Title Text\u00bb _builder_version=\u00bb4.7.7&#8243; _module_preset=\u00bbdefault\u00bb]<\/p>\n<h1 style=\"text-align: center;\"><span style=\"color: #ffffff;\">Nuestras \u00c1reas de Pr\u00e1ctica<\/span><\/h1>\n<p>[\/et_pb_text][\/et_pb_column][\/et_pb_row][\/et_pb_section][et_pb_section fb_built=\u00bb1&#8243; admin_label=\u00bbService Section\u00bb _builder_version=\u00bb4.7.3&#8243; custom_padding=\u00bb50px||30px||false|false\u00bb bottom_divider_color=\u00bb#e02b20&#8243; bottom_divider_height=\u00bb130px\u00bb bottom_divider_flip=\u00bbvertical\u00bb][et_pb_row column_structure=\u00bb1_3,1_3,1_3&#8243; admin_label=\u00bbService Area\u00bb _builder_version=\u00bb3.25&#8243;][et_pb_column type=\u00bb1_3&#8243; _builder_version=\u00bb3.25&#8243; custom_padding=\u00bb|||\u00bb custom_padding__hover=\u00bb|||\u00bb][et_pb_blurb title=\u00bb<i class=%22fas fa-gavel%22><\/i>\u00bb content_max_width=\u00bb300px\u00bb admin_label=\u00bbCivil Rights\u00bb module_class=\u00bbcustom-fa-icon-gavel\u00bb _builder_version=\u00bb4.7.3&#8243; header_level=\u00bbh6&#8243; header_font_size=\u00bb50px\u00bb header_letter_spacing=\u00bb2.94px\u00bb header_line_height=\u00bb50px\u00bb body_font=\u00bbNeuton|700||on|||||\u00bb body_text_align=\u00bbcenter\u00bb body_text_color=\u00bb#A8261F\u00bb body_font_size=\u00bb26px\u00bb body_letter_spacing=\u00bb1px\u00bb body_line_height=\u00bb33px\u00bb text_orientation=\u00bbcenter\u00bb custom_padding=\u00bb||||false|false\u00bb animation_style=\u00bbfade\u00bb link_option_url=\u00bb#civil-rights\u00bb custom_css_blurb_title=\u00bbmargin-bottom: 15px;\u00bb]<\/p>\n<p>Derechos Civiles<\/p>\n<p>[\/et_pb_blurb][\/et_pb_column][et_pb_column type=\u00bb1_3&#8243; _builder_version=\u00bb3.25&#8243; custom_padding=\u00bb|||\u00bb custom_padding__hover=\u00bb|||\u00bb][et_pb_blurb title=\u00bb<i class=%22fas fa-medkit%22><\/i>\u00bb content_max_width=\u00bb300px\u00bb admin_label=\u00bbPersonal Injury\u00bb module_class=\u00bbcustom-fa-icon-gavel\u00bb _builder_version=\u00bb4.7.3&#8243; header_level=\u00bbh6&#8243; header_font_size=\u00bb50px\u00bb header_letter_spacing=\u00bb2.94px\u00bb header_line_height=\u00bb50px\u00bb body_font=\u00bbNeuton|700||on|||||\u00bb body_text_align=\u00bbcenter\u00bb body_text_color=\u00bb#A8261F\u00bb body_font_size=\u00bb26px\u00bb body_letter_spacing=\u00bb1px\u00bb body_line_height=\u00bb33px\u00bb text_orientation=\u00bbcenter\u00bb custom_padding=\u00bb||||false|false\u00bb animation_style=\u00bbfade\u00bb link_option_url=\u00bb#personal-injury\u00bb custom_css_blurb_title=\u00bbmargin-bottom: 15px;\u00bb]Lesi\u00f3n Personal[\/et_pb_blurb][\/et_pb_column][et_pb_column type=\u00bb1_3&#8243; _builder_version=\u00bb3.25&#8243; custom_padding=\u00bb|||\u00bb custom_padding__hover=\u00bb|||\u00bb][et_pb_blurb title=\u00bb<i class=%22fas fa-users%22><\/i>\u00bb content_max_width=\u00bb300px\u00bb admin_label=\u00bbGeneral Counsel\u00bb module_class=\u00bbcustom-fa-icon-gavel\u00bb _builder_version=\u00bb4.7.3&#8243; header_level=\u00bbh6&#8243; header_font_size=\u00bb50px\u00bb header_letter_spacing=\u00bb2.94px\u00bb header_line_height=\u00bb50px\u00bb body_font=\u00bbNeuton|700||on|||||\u00bb body_text_align=\u00bbcenter\u00bb body_text_color=\u00bb#A8261F\u00bb body_font_size=\u00bb26px\u00bb body_letter_spacing=\u00bb1px\u00bb body_line_height=\u00bb33px\u00bb text_orientation=\u00bbcenter\u00bb custom_padding=\u00bb||||false|false\u00bb animation_style=\u00bbfade\u00bb link_option_url=\u00bb#general-counsel\u00bb custom_css_blurb_title=\u00bbmargin-bottom: 15px;\u00bb]<\/p>\n<p>Consejero General<\/p>\n<p>[\/et_pb_blurb][\/et_pb_column][\/et_pb_row][\/et_pb_section][et_pb_section fb_built=\u00bb1&#8243; admin_label=\u00bbOur Areas of Legal Expertise\u00bb _builder_version=\u00bb4.7.3&#8243; _module_preset=\u00bbdefault\u00bb background_color=\u00bb#F9F9F9&#8243; custom_padding=\u00bb130px||30px||false|false\u00bb top_divider_style=\u00bbmountains\u00bb top_divider_color=\u00bb#ffffff\u00bb top_divider_height=\u00bb130px\u00bb top_divider_flip=\u00bbhorizontal\u00bb bottom_divider_color=\u00bb#f9f9f9&#8243; bottom_divider_height=\u00bb130px\u00bb bottom_divider_flip=\u00bbhorizontal\u00bb][et_pb_row admin_label=\u00bbRow\u00bb _builder_version=\u00bb4.7.3&#8243; _module_preset=\u00bbdefault\u00bb custom_padding=\u00bb||15px||false|false\u00bb][et_pb_column type=\u00bb4_4&#8243; _builder_version=\u00bb4.7.3&#8243; _module_preset=\u00bbdefault\u00bb][et_pb_text admin_label=\u00bbOur Areas of Legal Expertise\u00bb _builder_version=\u00bb4.7.7&#8243; _module_preset=\u00bbdefault\u00bb hover_enabled=\u00bb0&#8243; sticky_enabled=\u00bb0&#8243;]<\/p>\n<h2 style=\"text-align: center;\">Nuestras Areas de Practica<\/h2>\n<h5 style=\"text-align: center;\">Ofrecemos una amplia gama de servicios legales. Si necesita m\u00e1s informaci\u00f3n, no dude en contactarnos.<\/h5>\n<p>[\/et_pb_text][et_pb_text admin_label=\u00bbCivil \/ Human Rights\u00bb module_id=\u00bbcivil-rights\u00bb _builder_version=\u00bb4.7.3&#8243; _module_preset=\u00bbdefault\u00bb]<\/p>\n<h3>Derechos Civiles \/ Humanos <\/h3>\n<p>ZLG est\u00e1 comprometida con la justicia para todas las personas y nuestra firma sirve como voz para las v\u00edctimas de discriminaci\u00f3n, abuso de poder y negligencia. Representamos a los grupos desfavorecidos y marginados de la sociedad d\u00e1ndoles acceso a una representaci\u00f3n legal de calidad frente a entidades gubernamentales y grandes corporaciones. Nuestra misi\u00f3n es brindar a todos acceso a la justicia, incluida la representaci\u00f3n en casos de discriminaci\u00f3n y conducta indebida de la polic\u00eda, condenas injustas y derechos de los pueblos ind\u00edgenas. Nuestro equipo de abogados camina con nuestros clientes y trabaja vigorosamente para responsabilizar a las partes responsables y garantizar que las v\u00edctimas reciban una recuperaci\u00f3n financiera justa y completa.[\/et_pb_text][et_pb_text module_id=\u00bbcivil-rights\u00bb _builder_version=\u00bb4.7.3&#8243; _module_preset=\u00bbdefault\u00bb]<\/p>\n<h5>ZLG ha logrado acuerdos y veredictos notables en casos que involucran: <\/h5>\n<p>[\/et_pb_text][\/et_pb_column][\/et_pb_row][et_pb_row column_structure=\u00bb1_2,1_2&#8243; admin_label=\u00bbService Area\u00bb _builder_version=\u00bb4.7.3&#8243; custom_padding=\u00bb0px||||false|false\u00bb][et_pb_column type=\u00bb1_2&#8243; _builder_version=\u00bb3.25&#8243; custom_padding=\u00bb|||\u00bb custom_padding__hover=\u00bb|||\u00bb][et_pb_text admin_label=\u00bbBullet Points\u00bb module_id=\u00bbcivil-rights\u00bb module_class=\u00bbstructured-list\u00bb _builder_version=\u00bb4.7.4&#8243; _module_preset=\u00bbdefault\u00bb]<\/p>\n<ul>\n<li><i class=\"fas fa-check-square\"><\/i> Mala conducta policial, incluida la fuerza excesiva<\/li>\n<li><i class=\"fas fa-check-square\"><\/i> Condenas injustas, incluidas las peticiones de h\u00e1beas<\/li>\n<\/ul>\n<p>[\/et_pb_text][\/et_pb_column][et_pb_column type=\u00bb1_2&#8243; _builder_version=\u00bb3.25&#8243; custom_padding=\u00bb|||\u00bb custom_padding__hover=\u00bb|||\u00bb][et_pb_text admin_label=\u00bbBullet Points\u00bb module_id=\u00bbcivil-rights\u00bb module_class=\u00bbstructured-list\u00bb _builder_version=\u00bb4.7.4&#8243; _module_preset=\u00bbdefault\u00bb]<\/p>\n<ul>\n<li><i class=\"fas fa-check-square\"><\/i> Discriminaci\u00f3n, incluida la discriminaci\u00f3n racial o \u00e9tnica en el empleo<\/li>\n<li><i class=\"fas fa-check-square\"><\/i> Los derechos de los pueblos ind\u00edgenas, incluido el asesoramiento que involucra al DRIP de la ONU<\/li>\n<\/ul>\n<p>[\/et_pb_text][\/et_pb_column][\/et_pb_row][\/et_pb_section][et_pb_section fb_built=\u00bb1&#8243; admin_label=\u00bbPersonal Injury Compensation\u00bb module_id=\u00bbpersonal-injury\u00bb _builder_version=\u00bb4.7.4&#8243; _module_preset=\u00bbdefault\u00bb background_enable_color=\u00bboff\u00bb background_image=\u00bbhttps:\/\/zavalalawgroup.com\/wp-content\/uploads\/2020\/11\/ZLG-PractceAreas-PersonalInjury-Section-Tall.jpg\u00bb parallax=\u00bbon\u00bb custom_padding=\u00bb170px||170px||false|false\u00bb top_divider_style=\u00bbmountains\u00bb top_divider_color=\u00bb#f9f9f9&#8243; top_divider_height=\u00bb130px\u00bb top_divider_flip=\u00bbhorizontal\u00bb bottom_divider_style=\u00bbmountains\u00bb bottom_divider_color=\u00bb#f9f9f9&#8243; bottom_divider_height=\u00bb130px\u00bb bottom_divider_flip=\u00bbhorizontal\u00bb][et_pb_row admin_label=\u00bbRow\u00bb _builder_version=\u00bb4.7.3&#8243; _module_preset=\u00bbdefault\u00bb custom_padding=\u00bb||15px||false|false\u00bb][et_pb_column type=\u00bb4_4&#8243; _builder_version=\u00bb4.7.3&#8243; _module_preset=\u00bbdefault\u00bb][et_pb_text admin_label=\u00bbPersonal Injury Compensation\u00bb _builder_version=\u00bb4.7.3&#8243; _module_preset=\u00bbdefault\u00bb]<\/p>\n<h3><span style=\"color: #ffffff;\">Compensaci\u00f3n Por Lesiones Personales<\/span><\/h3>\n<p><span style=\"color: #ffffff;\">En ZLG nuestro equipo de profesionales ofrece la mejor representaci\u00f3n legal. Ayudamos a las personas que han sufrido lesiones graves debido al descuido, negligencia o imprudencia de otros. Centramos nuestra pr\u00e1ctica en casos de lesiones personales catastr\u00f3ficas \/ muerte por negligencia. Nuestra firma tiene la reputaci\u00f3n de brindar una representaci\u00f3n de calidad, centrada en el cliente y lograr los mejores resultados posibles. Nos concentramos en representar a los desfavorecidos, marginados y, a menudo, personas de color contra las grandes corporaciones con recursos ilimitados.<\/span><\/p>\n<p>[\/et_pb_text][et_pb_text admin_label=\u00bbOur practice includes personal injury claims relating to:\u00bb module_id=\u00bbcivil-rights\u00bb _builder_version=\u00bb4.7.3&#8243; _module_preset=\u00bbdefault\u00bb]<\/p>\n<p><span style=\"color: #ffffff;\">Nuestra pr\u00e1ctica incluye reclamaciones por lesiones personales relacionadas con:<\/span><\/p>\n<p>[\/et_pb_text][\/et_pb_column][\/et_pb_row][et_pb_row column_structure=\u00bb1_2,1_2&#8243; admin_label=\u00bbService Area\u00bb _builder_version=\u00bb4.7.3&#8243; custom_padding=\u00bb0px||||false|false\u00bb][et_pb_column type=\u00bb1_2&#8243; _builder_version=\u00bb3.25&#8243; custom_padding=\u00bb|||\u00bb custom_padding__hover=\u00bb|||\u00bb][et_pb_text admin_label=\u00bbBullet Points\u00bb module_id=\u00bbcivil-rights\u00bb module_class=\u00bbstructured-list-light\u00bb _builder_version=\u00bb4.7.4&#8243; _module_preset=\u00bbdefault\u00bb]<\/p>\n<ul>\n<li><i class=\"fas fa-check-square\"><\/i> Accidentes de veh\u00edculos motorizados, incluidos accidentes graves de camiones y peatones<\/li>\n<li><i class=\"fas fa-check-square\"><\/i> Accidentes en el sitio de construcci\u00f3n, incluidos los contratistas sin licencia<\/li>\n<\/ul>\n<p>[\/et_pb_text][\/et_pb_column][et_pb_column type=\u00bb1_2&#8243; _builder_version=\u00bb3.25&#8243; custom_padding=\u00bb|||\u00bb custom_padding__hover=\u00bb|||\u00bb][et_pb_text admin_label=\u00bbBullet Points\u00bb module_id=\u00bbcivil-rights\u00bb module_class=\u00bbstructured-list-light\u00bb _builder_version=\u00bb4.7.4&#8243; _module_preset=\u00bbdefault\u00bb]<\/p>\n<ul>\n<li><i class=\"fas fa-check-square\"><\/i> Responsabilidad de las instalaciones, incluidos resbalones y ca\u00eddas y condiciones peligrosas<\/li>\n<li><i class=\"fas fa-check-square\"><\/i> Casos de lesiones por muerte por negligencia, como incendios residenciales por negligencia<\/li>\n<\/ul>\n<p>[\/et_pb_text][\/et_pb_column][\/et_pb_row][\/et_pb_section][et_pb_section fb_built=\u00bb1&#8243; admin_label=\u00bbGeneral Counsel\u00bb module_id=\u00bbgeneral-counsel\u00bb _builder_version=\u00bb4.7.3&#8243; _module_preset=\u00bbdefault\u00bb background_color=\u00bb#f9f9f9&#8243;][et_pb_row _builder_version=\u00bb4.7.3&#8243; _module_preset=\u00bbdefault\u00bb custom_padding=\u00bb||15px||false|false\u00bb][et_pb_column type=\u00bb4_4&#8243; _builder_version=\u00bb4.7.3&#8243; _module_preset=\u00bbdefault\u00bb][et_pb_text _builder_version=\u00bb4.7.3&#8243; _module_preset=\u00bbdefault\u00bb]<\/p>\n<h3>Consejero General<\/h3>\n<p>Muchas empresas y organizaciones dependen de asesores externos para que act\u00faen como asesores generales. ZLG se desempe\u00f1a habitualmente como asesor general externo para organizaciones sin fines de lucro y empresas en todo California. Trabajando en estrecha colaboraci\u00f3n con nuestros clientes, obtenemos un conocimiento profundo de las actividades y objetivos de su organizaci\u00f3n. Debido a esto, podemos brindar asesoramiento enfocado, centrado en el cliente y econ\u00f3mico sobre los problemas legales que enfrentan los clientes a diario. Actuando como asesores estrat\u00e9gicos de nuestros clientes, trabajamos con rapidez y eficacia para identificar y desarrollar el mejor equipo para implementar las soluciones adecuadas y resolver el asunto en cuesti\u00f3n con miras al futuro. Entendemos las operaciones de nuestros clientes, el historial pasado y los objetivos futuros cuando actuamos como asesores generales externos, y brindamos soluciones eficientes, reflexivas e innovadoras a los problemas legales relacionados con nuestro cliente.[\/et_pb_text][et_pb_text _builder_version=\u00bb4.7.3&#8243; _module_preset=\u00bbdefault\u00bb]<\/p>\n<h5>Como asesores generales externos, hemos coordinado y supervisado:<\/h5>\n<p>[\/et_pb_text][\/et_pb_column][\/et_pb_row][et_pb_row column_structure=\u00bb1_2,1_2&#8243; admin_label=\u00bbService Area\u00bb _builder_version=\u00bb4.7.3&#8243; custom_padding=\u00bb0px||||false|false\u00bb][et_pb_column type=\u00bb1_2&#8243; _builder_version=\u00bb3.25&#8243; custom_padding=\u00bb|||\u00bb custom_padding__hover=\u00bb|||\u00bb][et_pb_text admin_label=\u00bbBullet Points\u00bb module_id=\u00bbcivil-rights\u00bb module_class=\u00bbstructured-list\u00bb _builder_version=\u00bb4.7.4&#8243; _module_preset=\u00bbdefault\u00bb]<\/p>\n<ul>\n<li><i class=\"fas fa-check-square\"><\/i> Gobierno corporativo, resoluciones de la junta, reuniones de directores y actas de organizaciones sin fines de lucro involucradas en la reforma de la justicia penal y la defensa de los derechos humanos<\/li>\n<li><i class=\"fas fa-check-square\"><\/i> Litigios, gesti\u00f3n de riesgos y arrendamiento comercial para clientes de diversas industrias, incluidas escuelas aut\u00f3nomas y propietarios de peque\u00f1as empresas<\/li>\n<\/ul>\n<p>[\/et_pb_text][\/et_pb_column][et_pb_column type=\u00bb1_2&#8243; _builder_version=\u00bb3.25&#8243; custom_padding=\u00bb|||\u00bb custom_padding__hover=\u00bb|||\u00bb][et_pb_text admin_label=\u00bbBullet Points\u00bb module_id=\u00bbcivil-rights\u00bb module_class=\u00bbstructured-list\u00bb _builder_version=\u00bb4.7.4&#8243; _module_preset=\u00bbdefault\u00bb]<\/p>\n<ul>\n<li><i class=\"fas fa-check-square\"><\/i> Asuntos laborales, incluida la contrataci\u00f3n, retenci\u00f3n, despido y asesoramiento sobre manuales de empleados para peque\u00f1as y medianas organizaciones y empresas.<\/li>\n<\/ul>\n<p>[\/et_pb_text][\/et_pb_column][\/et_pb_row][\/et_pb_section][et_pb_section fb_built=\u00bb1&#8243; admin_label=\u00bbLeft Bordered Section\u00bb _builder_version=\u00bb4.7.3&#8243; _module_preset=\u00bbdefault\u00bb background_enable_color=\u00bboff\u00bb border_width_left=\u00bb135px\u00bb border_color_left=\u00bb#a8261f\u00bb][et_pb_row admin_label=\u00bbLeft Bordered Row\u00bb _builder_version=\u00bb4.7.4&#8243; _module_preset=\u00bbdefault\u00bb max_width=\u00bb1335px\u00bb][et_pb_column type=\u00bb4_4&#8243; _builder_version=\u00bb4.7.3&#8243; _module_preset=\u00bbdefault\u00bb][et_pb_text admin_label=\u00bbContact Zavala Law Group Today\u00bb _builder_version=\u00bb4.7.7&#8243; _module_preset=\u00bbdefault\u00bb]<\/p>\n<h2>Contacte Zavala Law Group Hoy<\/h2>\n<p>[\/et_pb_text][et_pb_text admin_label=\u00bbBordered Text\u00bb _builder_version=\u00bb4.7.7&#8243; _module_preset=\u00bbdefault\u00bb]Programa una consulta inicial gratu\u00efta para hablar de tu caso potencial con un abogado por medio de la pagina de contactarnos o llamando a nuestra oficina.[\/et_pb_text][et_pb_button button_url=\u00bbhttps:\/\/zavalalawgroup.com\/es\/contactanos\/\u00bb button_text=\u00bbContacta Ahora\u00bb _builder_version=\u00bb4.7.3&#8243; _module_preset=\u00bbdefault\u00bb][\/et_pb_button][\/et_pb_column][\/et_pb_row][\/et_pb_section]<\/p>\n","protected":false},"excerpt":{"rendered":"<p>Nuestras \u00c1reas de Pr\u00e1cticaDerechos CivilesLesi\u00f3n PersonalConsejero GeneralNuestras Areas de Practica Ofrecemos una amplia gama de servicios legales. Si necesita m\u00e1s informaci\u00f3n, no dude en contactarnos. Derechos Civiles \/ Humanos ZLG est\u00e1 comprometida con la justicia para todas las personas y nuestra firma sirve como voz para las v\u00edctimas de discriminaci\u00f3n, abuso de poder y negligencia. [&hellip;]<\/p>\n","protected":false},"author":1,"featured_media":0,"parent":0,"menu_order":0,"comment_status":"closed","ping_status":"closed","template":"","meta":{"_et_pb_use_builder":"on","_et_pb_old_content":"","_et_gb_content_width":"","footnotes":""},"class_list":["post-1160","page","type-page","status-publish","hentry"],"yoast_head":"<!-- This site is optimized with the Yoast SEO plugin v27.3 - https:\/\/yoast.com\/product\/yoast-seo-wordpress\/ -->\n<title>\u00c1reas de Pr\u00e1ctica<\/title>\n<meta name=\"description\" content=\"Zavala Law Group in Los Angeles serves those severely injured due to carelessness or negligence, with practice areas of personal injury\/wrongful death, business litigation, employment law and nonprofit law.\" \/>\n<meta name=\"robots\" content=\"index, follow, max-snippet:-1, max-image-preview:large, max-video-preview:-1\" \/>\n<link rel=\"canonical\" href=\"https:\/\/zavalalawgroup.com\/es\/areas-de-practica\/\" \/>\n<meta property=\"og:locale\" content=\"es_ES\" \/>\n<meta property=\"og:type\" content=\"article\" \/>\n<meta property=\"og:title\" content=\"\u00c1reas de Pr\u00e1ctica\" \/>\n<meta property=\"og:description\" content=\"Zavala Law Group in Los Angeles serves those severely injured due to carelessness or negligence, with practice areas of personal injury\/wrongful death, business litigation, employment law and nonprofit law.\" \/>\n<meta property=\"og:url\" content=\"https:\/\/zavalalawgroup.com\/es\/areas-de-practica\/\" \/>\n<meta property=\"og:site_name\" content=\"Zavala Law Group\" \/>\n<meta property=\"article:modified_time\" content=\"2020-12-28T16:17:48+00:00\" \/>\n<meta name=\"twitter:card\" content=\"summary_large_image\" \/>\n<meta name=\"twitter:label1\" content=\"Tiempo de lectura\" \/>\n\t<meta name=\"twitter:data1\" content=\"9 minutos\" \/>\n<script type=\"application\/ld+json\" class=\"yoast-schema-graph\">{\"@context\":\"https:\\\/\\\/schema.org\",\"@graph\":[{\"@type\":\"WebPage\",\"@id\":\"https:\\\/\\\/zavalalawgroup.com\\\/es\\\/areas-de-practica\\\/\",\"url\":\"https:\\\/\\\/zavalalawgroup.com\\\/es\\\/areas-de-practica\\\/\",\"name\":\"\u00c1reas de Pr\u00e1ctica\",\"isPartOf\":{\"@id\":\"https:\\\/\\\/zavalalawgroup.com\\\/#website\"},\"datePublished\":\"2020-12-17T22:19:42+00:00\",\"dateModified\":\"2020-12-28T16:17:48+00:00\",\"description\":\"Zavala Law Group in Los Angeles serves those severely injured due to carelessness or negligence, with practice areas of personal injury\\\/wrongful death, business litigation, employment law and nonprofit law.\",\"breadcrumb\":{\"@id\":\"https:\\\/\\\/zavalalawgroup.com\\\/es\\\/areas-de-practica\\\/#breadcrumb\"},\"inLanguage\":\"es\",\"potentialAction\":[{\"@type\":\"ReadAction\",\"target\":[\"https:\\\/\\\/zavalalawgroup.com\\\/es\\\/areas-de-practica\\\/\"]}]},{\"@type\":\"BreadcrumbList\",\"@id\":\"https:\\\/\\\/zavalalawgroup.com\\\/es\\\/areas-de-practica\\\/#breadcrumb\",\"itemListElement\":[{\"@type\":\"ListItem\",\"position\":1,\"name\":\"Home\",\"item\":\"https:\\\/\\\/zavalalawgroup.com\\\/\"},{\"@type\":\"ListItem\",\"position\":2,\"name\":\"\u00c1reas de Pr\u00e1ctica\"}]},{\"@type\":\"WebSite\",\"@id\":\"https:\\\/\\\/zavalalawgroup.com\\\/#website\",\"url\":\"https:\\\/\\\/zavalalawgroup.com\\\/\",\"name\":\"Zavala Law Group\",\"description\":\"\",\"publisher\":{\"@id\":\"https:\\\/\\\/zavalalawgroup.com\\\/#organization\"},\"potentialAction\":[{\"@type\":\"SearchAction\",\"target\":{\"@type\":\"EntryPoint\",\"urlTemplate\":\"https:\\\/\\\/zavalalawgroup.com\\\/?s={search_term_string}\"},\"query-input\":{\"@type\":\"PropertyValueSpecification\",\"valueRequired\":true,\"valueName\":\"search_term_string\"}}],\"inLanguage\":\"es\"},{\"@type\":\"Organization\",\"@id\":\"https:\\\/\\\/zavalalawgroup.com\\\/#organization\",\"name\":\"Zavala Law Group\",\"url\":\"https:\\\/\\\/zavalalawgroup.com\\\/\",\"logo\":{\"@type\":\"ImageObject\",\"inLanguage\":\"es\",\"@id\":\"https:\\\/\\\/zavalalawgroup.com\\\/#\\\/schema\\\/logo\\\/image\\\/\",\"url\":\"https:\\\/\\\/zavalalawgroup.com\\\/wp-content\\\/uploads\\\/2020\\\/11\\\/ZLG-Logo-2x.png\",\"contentUrl\":\"https:\\\/\\\/zavalalawgroup.com\\\/wp-content\\\/uploads\\\/2020\\\/11\\\/ZLG-Logo-2x.png\",\"width\":354,\"height\":132,\"caption\":\"Zavala Law Group\"},\"image\":{\"@id\":\"https:\\\/\\\/zavalalawgroup.com\\\/#\\\/schema\\\/logo\\\/image\\\/\"}}]}<\/script>\n<!-- \/ Yoast SEO plugin. -->","yoast_head_json":{"title":"\u00c1reas de Pr\u00e1ctica","description":"Zavala Law Group in Los Angeles serves those severely injured due to carelessness or negligence, with practice areas of personal injury\/wrongful death, business litigation, employment law and nonprofit law.","robots":{"index":"index","follow":"follow","max-snippet":"max-snippet:-1","max-image-preview":"max-image-preview:large","max-video-preview":"max-video-preview:-1"},"canonical":"https:\/\/zavalalawgroup.com\/es\/areas-de-practica\/","og_locale":"es_ES","og_type":"article","og_title":"\u00c1reas de Pr\u00e1ctica","og_description":"Zavala Law Group in Los Angeles serves those severely injured due to carelessness or negligence, with practice areas of personal injury\/wrongful death, business litigation, employment law and nonprofit law.","og_url":"https:\/\/zavalalawgroup.com\/es\/areas-de-practica\/","og_site_name":"Zavala Law Group","article_modified_time":"2020-12-28T16:17:48+00:00","twitter_card":"summary_large_image","twitter_misc":{"Tiempo de lectura":"9 minutos"},"schema":{"@context":"https:\/\/schema.org","@graph":[{"@type":"WebPage","@id":"https:\/\/zavalalawgroup.com\/es\/areas-de-practica\/","url":"https:\/\/zavalalawgroup.com\/es\/areas-de-practica\/","name":"\u00c1reas de Pr\u00e1ctica","isPartOf":{"@id":"https:\/\/zavalalawgroup.com\/#website"},"datePublished":"2020-12-17T22:19:42+00:00","dateModified":"2020-12-28T16:17:48+00:00","description":"Zavala Law Group in Los Angeles serves those severely injured due to carelessness or negligence, with practice areas of personal injury\/wrongful death, business litigation, employment law and nonprofit law.","breadcrumb":{"@id":"https:\/\/zavalalawgroup.com\/es\/areas-de-practica\/#breadcrumb"},"inLanguage":"es","potentialAction":[{"@type":"ReadAction","target":["https:\/\/zavalalawgroup.com\/es\/areas-de-practica\/"]}]},{"@type":"BreadcrumbList","@id":"https:\/\/zavalalawgroup.com\/es\/areas-de-practica\/#breadcrumb","itemListElement":[{"@type":"ListItem","position":1,"name":"Home","item":"https:\/\/zavalalawgroup.com\/"},{"@type":"ListItem","position":2,"name":"\u00c1reas de Pr\u00e1ctica"}]},{"@type":"WebSite","@id":"https:\/\/zavalalawgroup.com\/#website","url":"https:\/\/zavalalawgroup.com\/","name":"Zavala Law Group","description":"","publisher":{"@id":"https:\/\/zavalalawgroup.com\/#organization"},"potentialAction":[{"@type":"SearchAction","target":{"@type":"EntryPoint","urlTemplate":"https:\/\/zavalalawgroup.com\/?s={search_term_string}"},"query-input":{"@type":"PropertyValueSpecification","valueRequired":true,"valueName":"search_term_string"}}],"inLanguage":"es"},{"@type":"Organization","@id":"https:\/\/zavalalawgroup.com\/#organization","name":"Zavala Law Group","url":"https:\/\/zavalalawgroup.com\/","logo":{"@type":"ImageObject","inLanguage":"es","@id":"https:\/\/zavalalawgroup.com\/#\/schema\/logo\/image\/","url":"https:\/\/zavalalawgroup.com\/wp-content\/uploads\/2020\/11\/ZLG-Logo-2x.png","contentUrl":"https:\/\/zavalalawgroup.com\/wp-content\/uploads\/2020\/11\/ZLG-Logo-2x.png","width":354,"height":132,"caption":"Zavala Law Group"},"image":{"@id":"https:\/\/zavalalawgroup.com\/#\/schema\/logo\/image\/"}}]}},"_links":{"self":[{"href":"https:\/\/zavalalawgroup.com\/es\/wp-json\/wp\/v2\/pages\/1160","targetHints":{"allow":["GET"]}}],"collection":[{"href":"https:\/\/zavalalawgroup.com\/es\/wp-json\/wp\/v2\/pages"}],"about":[{"href":"https:\/\/zavalalawgroup.com\/es\/wp-json\/wp\/v2\/types\/page"}],"author":[{"embeddable":true,"href":"https:\/\/zavalalawgroup.com\/es\/wp-json\/wp\/v2\/users\/1"}],"replies":[{"embeddable":true,"href":"https:\/\/zavalalawgroup.com\/es\/wp-json\/wp\/v2\/comments?post=1160"}],"version-history":[{"count":0,"href":"https:\/\/zavalalawgroup.com\/es\/wp-json\/wp\/v2\/pages\/1160\/revisions"}],"wp:attachment":[{"href":"https:\/\/zavalalawgroup.com\/es\/wp-json\/wp\/v2\/media?parent=1160"}],"curies":[{"name":"wp","href":"https:\/\/api.w.org\/{rel}","templated":true}]}}