{"id":1038,"date":"2020-12-16T15:29:17","date_gmt":"2020-12-16T23:29:17","guid":{"rendered":"https:\/\/zavalalawgroup.com\/sobre-nosotros\/"},"modified":"2024-10-16T14:45:29","modified_gmt":"2024-10-16T21:45:29","slug":"sobre-nosotros","status":"publish","type":"page","link":"https:\/\/zavalalawgroup.com\/es\/sobre-nosotros\/","title":{"rendered":"Sobre Nosotros"},"content":{"rendered":"<p>[et_pb_section fb_built=\u00bb1&#8243; admin_label=\u00bbPage Title Background\u00bb _builder_version=\u00bb4.16&#8243; _module_preset=\u00bbdefault\u00bb background_image=\u00bbhttps:\/\/zavalalawgroup.com\/wp-content\/uploads\/2020\/11\/ZLG-SubpageHeader-About.jpg\u00bb min_height=\u00bb350px\u00bb height=\u00bb350px\u00bb custom_css_main_element=\u00bbdisplay: flex;||flex-direction: column;||justify-content: center;\u00bb global_colors_info=\u00bb{}\u00bb][et_pb_row _builder_version=\u00bb4.16&#8243; _module_preset=\u00bbdefault\u00bb global_colors_info=\u00bb{}\u00bb][et_pb_column type=\u00bb4_4&#8243; _builder_version=\u00bb4.16&#8243; _module_preset=\u00bbdefault\u00bb global_colors_info=\u00bb{}\u00bb][et_pb_text admin_label=\u00bbPage Title Text\u00bb _builder_version=\u00bb4.16&#8243; _module_preset=\u00bbdefault\u00bb global_colors_info=\u00bb{}\u00bb]<\/p>\n<h1 style=\"text-align: center;\"><span style=\"color: #ffffff;\">Sobre Zavala Law Group<\/span><\/h1>\n<p>[\/et_pb_text][\/et_pb_column][\/et_pb_row][\/et_pb_section][et_pb_section fb_built=\u00bb1&#8243; admin_label=\u00bbLeft Bordered Section\u00bb _builder_version=\u00bb4.16&#8243; _module_preset=\u00bbdefault\u00bb background_color=\u00bb#f9f9f9&#8243; border_width_left=\u00bb135px\u00bb border_color_left=\u00bb#a8261f\u00bb global_colors_info=\u00bb{}\u00bb][et_pb_row admin_label=\u00bbLeft Bordered Row\u00bb _builder_version=\u00bb4.16&#8243; _module_preset=\u00bbdefault\u00bb max_width=\u00bb1335px\u00bb global_colors_info=\u00bb{}\u00bb][et_pb_column type=\u00bb4_4&#8243; _builder_version=\u00bb4.16&#8243; _module_preset=\u00bbdefault\u00bb global_colors_info=\u00bb{}\u00bb][et_pb_text admin_label=\u00bbOur Philosophy\u00bb _builder_version=\u00bb4.16&#8243; _module_preset=\u00bbdefault\u00bb global_colors_info=\u00bb{}\u00bb]<\/p>\n<h2>Nuestra Filosof\u00eda<\/h2>\n<p>[\/et_pb_text][et_pb_text _builder_version=\u00bb4.16&#8243; _module_preset=\u00bbdefault\u00bb global_colors_info=\u00bb{}\u00bb]Zavala Law Group (&ldquo;ZLG&rdquo;) es un bufete de abogados boutique con sede en Los \u00c1ngeles, California, que se centra en la ley de derechos civiles, compensaci\u00f3n por lesiones personales y se desempe\u00f1a como asesor general de varias organizaciones. El bufete de abogados est\u00e1 compuesto por abogados, expertos legales y consultores que tienen una amplia gama de conocimientos, experiencia y especializaci\u00f3n y adoptan un enfoque hol\u00edstico centrado en el cliente para los problemas legales.<\/p>\n<p>ZLG se esta decidido a ofrecer la mejor representaci\u00f3n a nuestros clientes. El objetivo es asegurar que los clientes tengan la representaci\u00f3n que merecen, que sus derechos est\u00e9n protegidos durante el proceso legal y que est\u00e9n satisfechos con la resoluci\u00f3n de su caso. ZLG trabajar\u00e1 con nuestros clientes para garantizar que se emplee la estrategia legal m\u00e1s eficaz para lograr los mejores resultados posibles.<\/p>\n<p>Nos preocupamos por mantener informados a nuestros clientes de todos los aspectos de su caso. Los clientes ser\u00e1n informados de cada paso del proceso legal y se les mantendr\u00e1 actualizados sobre el estado de su asunto. Todas las opciones disponibles para los clientes se presentar\u00e1n de una manera clara y f\u00e1cil de entender para que puedan tomar decisiones informadas durante el proceso legal.<\/p>\n<p>En ZLG creemos firmemente en un fuerte compromiso con nuestras comunidades y alentamos a nuestro equipo a no solo ser buenos administradores de la ley, sino tambi\u00e9n de sus comunidades. Creemos que nuestra s\u00f3lida historia de participaci\u00f3n comunitaria nos ha convertido en un mejor bufete de abogados. En ZLG, donamos regularmente nuestro tiempo y servicios a organizaciones comunitarias en nuestras vecindades porque est\u00e1 en el coraz\u00f3n de todo en lo que creemos; que el \u00e9xito de la sociedad en su conjunto est\u00e1 indisolublemente ligado al bienestar de los mas marginados de la sociedad.  [\/et_pb_text][\/et_pb_column][\/et_pb_row][\/et_pb_section][et_pb_section fb_built=\u00bb1&#8243; _builder_version=\u00bb4.16&#8243; _module_preset=\u00bbdefault\u00bb global_colors_info=\u00bb{}\u00bb][et_pb_row column_structure=\u00bb1_3,2_3&#8243; _builder_version=\u00bb4.16&#8243; _module_preset=\u00bbdefault\u00bb global_colors_info=\u00bb{}\u00bb][et_pb_column type=\u00bb1_3&#8243; _builder_version=\u00bb4.16&#8243; _module_preset=\u00bbdefault\u00bb global_colors_info=\u00bb{}\u00bb][et_pb_image src=\u00bbhttps:\/\/zavalalawgroup.com\/wp-content\/uploads\/2023\/08\/salomon-hs-zlg-aboutus.jpg\u00bb alt=\u00bbZavala Headshot\u00bb title_text=\u00bbsalomon-hs-zlg-aboutus\u00bb _builder_version=\u00bb4.27.2&#8243; _module_preset=\u00bbdefault\u00bb hover_enabled=\u00bb0&#8243; global_colors_info=\u00bb{}\u00bb admin_label=\u00bbImage\u00bb sticky_enabled=\u00bb0&#8243;][\/et_pb_image][\/et_pb_column][et_pb_column type=\u00bb2_3&#8243; _builder_version=\u00bb4.16&#8243; _module_preset=\u00bbdefault\u00bb global_colors_info=\u00bb{}\u00bb][et_pb_text admin_label=\u00bbManaging Attorney\u00bb _builder_version=\u00bb4.16&#8243; _module_preset=\u00bbdefault\u00bb custom_margin=\u00bb||15px||false|false\u00bb global_colors_info=\u00bb{}\u00bb]<\/p>\n<h2>Consejero General<\/h2>\n<p>[\/et_pb_text][et_pb_text _builder_version=\u00bb4.16&#8243; _module_preset=\u00bbdefault\u00bb custom_margin=\u00bb||15px||false|false\u00bb global_colors_info=\u00bb{}\u00bb]<\/p>\n<h3>Salomon Zavala, ESQ.<\/h3>\n<p>[\/et_pb_text][et_pb_text _builder_version=\u00bb4.16&#8243; _module_preset=\u00bbdefault\u00bb global_colors_info=\u00bb{}\u00bb]Salomon Zavala es el fundador y abogado gerente de Zavala Law Group. Zavala ha representado<br \/>\na varios clientes brind\u00e1ndoles asesor\u00eda legal estrat\u00e9gica y es un negociador h\u00e1bil y<br \/>\nexperimentado que aprovecha de su amplia gama de recursos para lograr los resultados m\u00e1s<br \/>\npositivos. Zavala escucha atentamente los objetivos de sus clientes y ayuda a desarrollar una<br \/>\nestrategia legal integral para alcanzar los resultados deseados con un enfoque compasivo y<br \/>\ncentrado en el cliente.<\/p>\n<p>Zavala ha manejado una variedad de asuntos, incluidos los derechos civiles y casos de lesiones personales graves con mucho \u00e9xito. Ha obtenido excelentes resultados y acuerdos de siete cifras para sus clientes de toda California, incluidas las v\u00edctimas de abuso policial y acciones por homicidio culposo negligente. <\/p>\n<p>Tambi\u00e9n ha representado con \u00e9xito a varias organizaciones con una variedad de problemas<br \/>\nlegales, incluidos el empleo y asuntos complejos de inmigraci\u00f3n. Actualmente se desempe\u00f1a<br \/>\ncomo Asesor Jur\u00eddico de varias peque\u00f1as empresas y organizaciones sin fines de lucro, donde<br \/>\nmaneja los asuntos legales cotidianos, incluida la asesor\u00eda administrativa en litigios civiles<br \/>\ncomplejos y asuntos transaccionales.<\/p>\n<p>Habiendo trabajado para una firma grande, Zavala est\u00e1 familiarizado con asuntos complejos de litigios civiles comerciales y ha representado a clientes en deposiciones, mediaciones y diversas audiencias judiciales. Adem\u00e1s, Zavala ha proporcionado a varios clientes organizacionales capacitaciones en cumplimiento legal y se desempe\u00f1a como Director Ejecutivo de una innovadora organizaci\u00f3n de reforma de la justicia penal. Zavala tambi\u00e9n es muy activo en el programa pro-bono de ZLG, incluyendo haber representado a menores en procedimientos de asilo, representaci\u00f3n de condenas injustas y defensa de los derechos de los pueblos ind\u00edgenas.<\/p>\n<p>Zavala asisti\u00f3 a Amherst College, donde recibi\u00f3 su licenciatura con honores en 2001, y se gradu\u00f3 de la Universidad de California en Berkeley, Berkeley School of Law, donde recibi\u00f3 su t\u00edtulo de abogado en 2005. Zavala se cri\u00f3 en South Central Los Angeles , California y es hijo de padres mexicanos. Habla espa\u00f1ol con fluidez y representa y forma parte de la junta de varias organizaciones comunitarias sin fines de lucro, incluida una organizaci\u00f3n de desarrollo comunitario ind\u00edgena con sede en el este de Los \u00c1ngeles y una organizaci\u00f3n sin fines de lucro de defensa de v\u00edctimas \/ sobrevivientes en Watts, California.  [\/et_pb_text][\/et_pb_column][\/et_pb_row][\/et_pb_section][et_pb_section fb_built=\u00bb1&#8243; prev_background_color=\u00bb#ffffff\u00bb _builder_version=\u00bb4.16&#8243; _module_preset=\u00bbdefault\u00bb background_image=\u00bbhttps:\/\/zavalalawgroup.com\/wp-content\/uploads\/2020\/11\/ZLG-About-PracticeSettlements-Section-Tall.jpg\u00bb parallax=\u00bbon\u00bb width=\u00bb100%\u00bb max_width=\u00bb100%\u00bb custom_padding=\u00bb200px||||false|false\u00bb top_divider_style=\u00bbmountains\u00bb top_divider_height=\u00bb200px\u00bb top_divider_flip=\u00bbhorizontal\u00bb global_colors_info=\u00bb{}\u00bb][et_pb_row _builder_version=\u00bb4.16&#8243; _module_preset=\u00bbdefault\u00bb global_colors_info=\u00bb{}\u00bb][et_pb_column type=\u00bb4_4&#8243; _builder_version=\u00bb4.16&#8243; _module_preset=\u00bbdefault\u00bb global_colors_info=\u00bb{}\u00bb][et_pb_text admin_label=\u00bbOUR PRACTICE AREAS\u00bb _builder_version=\u00bb4.16&#8243; _module_preset=\u00bbdefault\u00bb global_colors_info=\u00bb{}\u00bb]<\/p>\n<h3 style=\"text-align: center;\"><span style=\"color: #ffffff;\">Nuestras \u00c1reas de Pr\u00e1ctica<\/span><\/h3>\n<p>[\/et_pb_text][et_pb_button button_url=\u00bbhttps:\/\/zavalalawgroup.com\/es\/areas-de-practica\/\u00bb button_text=\u00bbAprende M\u00e1s\u00bb button_alignment=\u00bbcenter\u00bb _builder_version=\u00bb4.16&#8243; _module_preset=\u00bbdefault\u00bb global_colors_info=\u00bb{}\u00bb][\/et_pb_button][\/et_pb_column][\/et_pb_row][et_pb_row _builder_version=\u00bb4.16&#8243; _module_preset=\u00bbdefault\u00bb global_colors_info=\u00bb{}\u00bb][et_pb_column type=\u00bb4_4&#8243; _builder_version=\u00bb4.16&#8243; _module_preset=\u00bbdefault\u00bb global_colors_info=\u00bb{}\u00bb][et_pb_divider color=\u00bb#F9F9F9&#8243; divider_weight=\u00bb3px\u00bb _builder_version=\u00bb4.16&#8243; _module_preset=\u00bbdefault\u00bb background_enable_color=\u00bboff\u00bb global_colors_info=\u00bb{}\u00bb][\/et_pb_divider][\/et_pb_column][\/et_pb_row][et_pb_row _builder_version=\u00bb4.16&#8243; _module_preset=\u00bbdefault\u00bb global_colors_info=\u00bb{}\u00bb][et_pb_column type=\u00bb4_4&#8243; _builder_version=\u00bb4.16&#8243; _module_preset=\u00bbdefault\u00bb global_colors_info=\u00bb{}\u00bb][et_pb_text admin_label=\u00bbREPRESENTATIVE CASES &#038; SETTLEMENTS\u00bb _builder_version=\u00bb4.16&#8243; _module_preset=\u00bbdefault\u00bb global_colors_info=\u00bb{}\u00bb]<\/p>\n<h3 style=\"text-align: center;\"><span style=\"color: #ffffff;\">Casos Representativos<\/span><\/h3>\n<p>[\/et_pb_text][et_pb_button button_url=\u00bbhttps:\/\/zavalalawgroup.com\/es\/casos-representativos\/\u00bb button_text=\u00bbAprende M\u00e1s\u00bb button_alignment=\u00bbcenter\u00bb _builder_version=\u00bb4.16&#8243; _module_preset=\u00bbdefault\u00bb global_colors_info=\u00bb{}\u00bb][\/et_pb_button][\/et_pb_column][\/et_pb_row][\/et_pb_section]<\/p>\n","protected":false},"excerpt":{"rendered":"<p>Sobre Zavala Law GroupNuestra Filosof\u00edaZavala Law Group (&ldquo;ZLG&rdquo;) es un bufete de abogados boutique con sede en Los \u00c1ngeles, California, que se centra en la ley de derechos civiles, compensaci\u00f3n por lesiones personales y se desempe\u00f1a como asesor general de varias organizaciones. El bufete de abogados est\u00e1 compuesto por abogados, expertos legales y consultores que [&hellip;]<\/p>\n","protected":false},"author":1,"featured_media":0,"parent":0,"menu_order":0,"comment_status":"closed","ping_status":"closed","template":"","meta":{"_et_pb_use_builder":"on","_et_pb_old_content":"","_et_gb_content_width":"","footnotes":""},"class_list":["post-1038","page","type-page","status-publish","hentry"],"yoast_head":"<!-- This site is optimized with the Yoast SEO plugin v27.3 - https:\/\/yoast.com\/product\/yoast-seo-wordpress\/ -->\n<title>Sobre Nosotros<\/title>\n<meta name=\"description\" content=\"Zavala Law Group in Los Angeles serves those severely injured due to carelessness or negligence, with practice areas of personal injury\/wrongful death, business litigation, employment law and nonprofit law.\" \/>\n<meta name=\"robots\" content=\"index, follow, max-snippet:-1, max-image-preview:large, max-video-preview:-1\" \/>\n<link rel=\"canonical\" href=\"https:\/\/zavalalawgroup.com\/es\/sobre-nosotros\/\" \/>\n<meta property=\"og:locale\" content=\"es_ES\" \/>\n<meta property=\"og:type\" content=\"article\" \/>\n<meta property=\"og:title\" content=\"Sobre Nosotros\" \/>\n<meta property=\"og:description\" content=\"Zavala Law Group in Los Angeles serves those severely injured due to carelessness or negligence, with practice areas of personal injury\/wrongful death, business litigation, employment law and nonprofit law.\" \/>\n<meta property=\"og:url\" content=\"https:\/\/zavalalawgroup.com\/es\/sobre-nosotros\/\" \/>\n<meta property=\"og:site_name\" content=\"Zavala Law Group\" \/>\n<meta property=\"article:modified_time\" content=\"2024-10-16T21:45:29+00:00\" \/>\n<meta name=\"twitter:card\" content=\"summary_large_image\" \/>\n<meta name=\"twitter:label1\" content=\"Tiempo de lectura\" \/>\n\t<meta name=\"twitter:data1\" content=\"4 minutos\" \/>\n<script type=\"application\/ld+json\" class=\"yoast-schema-graph\">{\"@context\":\"https:\\\/\\\/schema.org\",\"@graph\":[{\"@type\":\"WebPage\",\"@id\":\"https:\\\/\\\/zavalalawgroup.com\\\/es\\\/sobre-nosotros\\\/\",\"url\":\"https:\\\/\\\/zavalalawgroup.com\\\/es\\\/sobre-nosotros\\\/\",\"name\":\"Sobre Nosotros\",\"isPartOf\":{\"@id\":\"https:\\\/\\\/zavalalawgroup.com\\\/#website\"},\"datePublished\":\"2020-12-16T23:29:17+00:00\",\"dateModified\":\"2024-10-16T21:45:29+00:00\",\"description\":\"Zavala Law Group in Los Angeles serves those severely injured due to carelessness or negligence, with practice areas of personal injury\\\/wrongful death, business litigation, employment law and nonprofit law.\",\"breadcrumb\":{\"@id\":\"https:\\\/\\\/zavalalawgroup.com\\\/es\\\/sobre-nosotros\\\/#breadcrumb\"},\"inLanguage\":\"es\",\"potentialAction\":[{\"@type\":\"ReadAction\",\"target\":[\"https:\\\/\\\/zavalalawgroup.com\\\/es\\\/sobre-nosotros\\\/\"]}]},{\"@type\":\"BreadcrumbList\",\"@id\":\"https:\\\/\\\/zavalalawgroup.com\\\/es\\\/sobre-nosotros\\\/#breadcrumb\",\"itemListElement\":[{\"@type\":\"ListItem\",\"position\":1,\"name\":\"Home\",\"item\":\"https:\\\/\\\/zavalalawgroup.com\\\/\"},{\"@type\":\"ListItem\",\"position\":2,\"name\":\"Sobre Nosotros\"}]},{\"@type\":\"WebSite\",\"@id\":\"https:\\\/\\\/zavalalawgroup.com\\\/#website\",\"url\":\"https:\\\/\\\/zavalalawgroup.com\\\/\",\"name\":\"Zavala Law Group\",\"description\":\"\",\"publisher\":{\"@id\":\"https:\\\/\\\/zavalalawgroup.com\\\/#organization\"},\"potentialAction\":[{\"@type\":\"SearchAction\",\"target\":{\"@type\":\"EntryPoint\",\"urlTemplate\":\"https:\\\/\\\/zavalalawgroup.com\\\/?s={search_term_string}\"},\"query-input\":{\"@type\":\"PropertyValueSpecification\",\"valueRequired\":true,\"valueName\":\"search_term_string\"}}],\"inLanguage\":\"es\"},{\"@type\":\"Organization\",\"@id\":\"https:\\\/\\\/zavalalawgroup.com\\\/#organization\",\"name\":\"Zavala Law Group\",\"url\":\"https:\\\/\\\/zavalalawgroup.com\\\/\",\"logo\":{\"@type\":\"ImageObject\",\"inLanguage\":\"es\",\"@id\":\"https:\\\/\\\/zavalalawgroup.com\\\/#\\\/schema\\\/logo\\\/image\\\/\",\"url\":\"https:\\\/\\\/zavalalawgroup.com\\\/wp-content\\\/uploads\\\/2020\\\/11\\\/ZLG-Logo-2x.png\",\"contentUrl\":\"https:\\\/\\\/zavalalawgroup.com\\\/wp-content\\\/uploads\\\/2020\\\/11\\\/ZLG-Logo-2x.png\",\"width\":354,\"height\":132,\"caption\":\"Zavala Law Group\"},\"image\":{\"@id\":\"https:\\\/\\\/zavalalawgroup.com\\\/#\\\/schema\\\/logo\\\/image\\\/\"}}]}<\/script>\n<!-- \/ Yoast SEO plugin. -->","yoast_head_json":{"title":"Sobre Nosotros","description":"Zavala Law Group in Los Angeles serves those severely injured due to carelessness or negligence, with practice areas of personal injury\/wrongful death, business litigation, employment law and nonprofit law.","robots":{"index":"index","follow":"follow","max-snippet":"max-snippet:-1","max-image-preview":"max-image-preview:large","max-video-preview":"max-video-preview:-1"},"canonical":"https:\/\/zavalalawgroup.com\/es\/sobre-nosotros\/","og_locale":"es_ES","og_type":"article","og_title":"Sobre Nosotros","og_description":"Zavala Law Group in Los Angeles serves those severely injured due to carelessness or negligence, with practice areas of personal injury\/wrongful death, business litigation, employment law and nonprofit law.","og_url":"https:\/\/zavalalawgroup.com\/es\/sobre-nosotros\/","og_site_name":"Zavala Law Group","article_modified_time":"2024-10-16T21:45:29+00:00","twitter_card":"summary_large_image","twitter_misc":{"Tiempo de lectura":"4 minutos"},"schema":{"@context":"https:\/\/schema.org","@graph":[{"@type":"WebPage","@id":"https:\/\/zavalalawgroup.com\/es\/sobre-nosotros\/","url":"https:\/\/zavalalawgroup.com\/es\/sobre-nosotros\/","name":"Sobre Nosotros","isPartOf":{"@id":"https:\/\/zavalalawgroup.com\/#website"},"datePublished":"2020-12-16T23:29:17+00:00","dateModified":"2024-10-16T21:45:29+00:00","description":"Zavala Law Group in Los Angeles serves those severely injured due to carelessness or negligence, with practice areas of personal injury\/wrongful death, business litigation, employment law and nonprofit law.","breadcrumb":{"@id":"https:\/\/zavalalawgroup.com\/es\/sobre-nosotros\/#breadcrumb"},"inLanguage":"es","potentialAction":[{"@type":"ReadAction","target":["https:\/\/zavalalawgroup.com\/es\/sobre-nosotros\/"]}]},{"@type":"BreadcrumbList","@id":"https:\/\/zavalalawgroup.com\/es\/sobre-nosotros\/#breadcrumb","itemListElement":[{"@type":"ListItem","position":1,"name":"Home","item":"https:\/\/zavalalawgroup.com\/"},{"@type":"ListItem","position":2,"name":"Sobre Nosotros"}]},{"@type":"WebSite","@id":"https:\/\/zavalalawgroup.com\/#website","url":"https:\/\/zavalalawgroup.com\/","name":"Zavala Law Group","description":"","publisher":{"@id":"https:\/\/zavalalawgroup.com\/#organization"},"potentialAction":[{"@type":"SearchAction","target":{"@type":"EntryPoint","urlTemplate":"https:\/\/zavalalawgroup.com\/?s={search_term_string}"},"query-input":{"@type":"PropertyValueSpecification","valueRequired":true,"valueName":"search_term_string"}}],"inLanguage":"es"},{"@type":"Organization","@id":"https:\/\/zavalalawgroup.com\/#organization","name":"Zavala Law Group","url":"https:\/\/zavalalawgroup.com\/","logo":{"@type":"ImageObject","inLanguage":"es","@id":"https:\/\/zavalalawgroup.com\/#\/schema\/logo\/image\/","url":"https:\/\/zavalalawgroup.com\/wp-content\/uploads\/2020\/11\/ZLG-Logo-2x.png","contentUrl":"https:\/\/zavalalawgroup.com\/wp-content\/uploads\/2020\/11\/ZLG-Logo-2x.png","width":354,"height":132,"caption":"Zavala Law Group"},"image":{"@id":"https:\/\/zavalalawgroup.com\/#\/schema\/logo\/image\/"}}]}},"_links":{"self":[{"href":"https:\/\/zavalalawgroup.com\/es\/wp-json\/wp\/v2\/pages\/1038","targetHints":{"allow":["GET"]}}],"collection":[{"href":"https:\/\/zavalalawgroup.com\/es\/wp-json\/wp\/v2\/pages"}],"about":[{"href":"https:\/\/zavalalawgroup.com\/es\/wp-json\/wp\/v2\/types\/page"}],"author":[{"embeddable":true,"href":"https:\/\/zavalalawgroup.com\/es\/wp-json\/wp\/v2\/users\/1"}],"replies":[{"embeddable":true,"href":"https:\/\/zavalalawgroup.com\/es\/wp-json\/wp\/v2\/comments?post=1038"}],"version-history":[{"count":1,"href":"https:\/\/zavalalawgroup.com\/es\/wp-json\/wp\/v2\/pages\/1038\/revisions"}],"predecessor-version":[{"id":2380,"href":"https:\/\/zavalalawgroup.com\/es\/wp-json\/wp\/v2\/pages\/1038\/revisions\/2380"}],"wp:attachment":[{"href":"https:\/\/zavalalawgroup.com\/es\/wp-json\/wp\/v2\/media?parent=1038"}],"curies":[{"name":"wp","href":"https:\/\/api.w.org\/{rel}","templated":true}]}}